{"id":1851,"date":"2025-10-05T18:50:09","date_gmt":"2025-10-05T18:50:09","guid":{"rendered":"https:\/\/tmarc.pe\/?page_id=1851"},"modified":"2026-01-13T03:16:30","modified_gmt":"2026-01-13T03:16:30","slug":"requisitos-arbitraje","status":"publish","type":"page","link":"https:\/\/tmarc.pe\/zh\/requisitos-arbitraje\/","title":{"rendered":"REQUISITOS ARBITRAJE"},"content":{"rendered":"<div data-elementor-type=\"wp-page\" data-elementor-id=\"1851\" class=\"elementor elementor-1851\" data-elementor-post-type=\"page\">\n\t\t\t\t<div class=\"elementor-element elementor-element-5db59eed e-flex e-con-boxed e-con e-parent\" data-id=\"5db59eed\" data-element_type=\"container\" data-e-type=\"container\" data-settings=\"{&quot;background_background&quot;:&quot;video&quot;,&quot;background_video_link&quot;:&quot;https:\\\/\\\/vimeo.com\\\/1133337143?share=copy&amp;fl=sv&amp;fe=ci&quot;}\">\n\t\t\t\t\t<div class=\"e-con-inner\">\n\t\t<div class=\"elementor-background-video-container elementor-hidden-mobile\">\n\t\t\t\t\t\t\t<div class=\"elementor-background-video-embed\" role=\"presentation\"><\/div>\n\t\t\t\t\t\t<\/div><div class=\"elementor-element elementor-element-2e57ca6e e-con-full premium-con-lq__glass5 e-flex e-con e-child\" data-id=\"2e57ca6e\" data-element_type=\"container\" data-e-type=\"container\" data-settings=\"{&quot;background_background&quot;:&quot;gradient&quot;,&quot;motion_fx_motion_fx_scrolling&quot;:&quot;yes&quot;,&quot;motion_fx_translateY_effect&quot;:&quot;yes&quot;,&quot;motion_fx_translateY_speed&quot;:{&quot;unit&quot;:&quot;px&quot;,&quot;size&quot;:1.5,&quot;sizes&quot;:[]},&quot;motion_fx_translateY_affectedRange&quot;:{&quot;unit&quot;:&quot;%&quot;,&quot;size&quot;:&quot;&quot;,&quot;sizes&quot;:{&quot;start&quot;:0,&quot;end&quot;:100}},&quot;motion_fx_devices&quot;:[&quot;desktop&quot;,&quot;laptop&quot;,&quot;tablet&quot;,&quot;mobile&quot;]}\">\n\t\t\t\t<div class=\"elementor-element elementor-element-45d4cb82 elementor-widget elementor-widget-image\" data-id=\"45d4cb82\" data-element_type=\"widget\" data-e-type=\"widget\" data-widget_type=\"image.default\">\n\t\t\t\t\t\t\t\t\t\t\t\t\t\t\t<img decoding=\"async\" src=\"https:\/\/tmarc.pe\/wp-content\/uploads\/2025\/10\/justice.json\" title=\"\" alt=\"\" loading=\"lazy\" \/>\t\t\t\t\t\t\t\t\t\t\t\t\t\t\t<\/div>\n\t\t\t\t<div class=\"elementor-element elementor-element-78a2ed8 premium-header-block elementor-widget__width-initial premium-lq__none premium-box-lq__none elementor-widget elementor-widget-premium-addon-dual-header\" data-id=\"78a2ed8\" data-element_type=\"widget\" data-e-type=\"widget\" data-widget_type=\"premium-addon-dual-header.default\">\n\t\t\t\t\t\n\t\t<div class=\"elementor-widget-container\">\n\t\t\t\t\t<h1 class=\"premium-dual-header-first-header\"><span class=\"premium-dual-header-first-span\">Requisitos<br> <\/span><span class=\"premium-dual-header-second-header\">Para<b><u> Integrar <\/u><\/b> la <b><u>N\u00f3mina de \u00c1rbitros<\/u><\/b> <\/span><\/h1> \t\t\t\t<\/div>\n\n\t\t\t\t\t\t<\/div>\n\t\t\t\t\t\n<hr class=\"e-divider-base\" data-interaction-id=\"8209e3c\" data-interactions=\"&#x5B;&#x5D;\"   \/>\n\t\t\t\t<div class=\"elementor-element elementor-element-846bdcd premium-lottie-svg elementor-widget elementor-widget-premium-lottie\" data-id=\"846bdcd\" data-element_type=\"widget\" data-e-type=\"widget\" data-settings=\"{&quot;lottie_file&quot;:{&quot;url&quot;:&quot;https:\\\/\\\/tmarc.pe\\\/wp-content\\\/uploads\\\/2025\\\/11\\\/Scroll-Down-Arrow.json&quot;,&quot;id&quot;:3050,&quot;size&quot;:&quot;&quot;,&quot;alt&quot;:&quot;&quot;,&quot;source&quot;:&quot;library&quot;}}\" data-widget_type=\"premium-lottie.default\">\n\t\t\t\t\t\r\n\t\t<div class=\"premium-lottie-animation\" data-lottie-url=\"https:\/\/tmarc.pe\/wp-content\/uploads\/2025\/11\/Scroll-Down-Arrow.json\" data-lottie-loop=\"true\" data-lottie-reverse=\"\" data-lottie-hover=\"\" data-lottie-speed=\"1\" data-lottie-render=\"svg\" data-lottie-delay=\"\">\r\n\t\t\t\t\t<\/div>\r\n\r\n\t\t\t\t\t\t<\/div>\n\t\t\t\t<\/div>\n\t\t\t\t\t<\/div>\n\t\t\t\t<\/div>\n\t\t<div class=\"elementor-element elementor-element-99bcacb e-grid e-con-boxed e-con e-parent\" data-id=\"99bcacb\" data-element_type=\"container\" data-e-type=\"container\">\n\t\t\t\t\t<div class=\"e-con-inner\">\n\t\t\t\t\t<\/div>\n\t\t\t\t<\/div>\n\t\t<div class=\"elementor-element elementor-element-74b4c8e e-flex e-con-boxed e-con e-parent\" data-id=\"74b4c8e\" data-element_type=\"container\" data-e-type=\"container\">\n\t\t\t\t\t<div class=\"e-con-inner\">\n\t\t\t\t<div class=\"elementor-element elementor-element-d35b1d5 elementor-widget elementor-widget-button\" data-id=\"d35b1d5\" data-element_type=\"widget\" data-e-type=\"widget\" data-widget_type=\"button.default\">\n\t\t\t\t\t\t\t\t\t\t<a class=\"elementor-button elementor-button-link elementor-size-sm\" href=\"\/zh\/inicio\/\">\n\t\t\t\t\t\t<span class=\"elementor-button-content-wrapper\">\n\t\t\t\t\t\t<span class=\"elementor-button-icon\">\n\t\t\t\t<svg aria-hidden=\"true\" class=\"e-font-icon-svg e-fas-backspace\" viewbox=\"0 0 640 512\" xmlns=\"http:\/\/www.w3.org\/2000\/svg\"><path d=\"M576 64H205.26A63.97 63.97 0 0 0 160 82.75L9.37 233.37c-12.5 12.5-12.5 32.76 0 45.25L160 429.25c12 12 28.28 18.75 45.25 18.75H576c35.35 0 64-28.65 64-64V128c0-35.35-28.65-64-64-64zm-84.69 254.06c6.25 6.25 6.25 16.38 0 22.63l-22.62 22.62c-6.25 6.25-16.38 6.25-22.63 0L384 301.25l-62.06 62.06c-6.25 6.25-16.38 6.25-22.63 0l-22.62-22.62c-6.25-6.25-6.25-16.38 0-22.63L338.75 256l-62.06-62.06c-6.25-6.25-6.25-16.38 0-22.63l22.62-22.62c6.25-6.25 16.38-6.25 22.63 0L384 210.75l62.06-62.06c6.25-6.25 16.38-6.25 22.63 0l22.62 22.62c6.25 6.25 6.25 16.38 0 22.63L429.25 256l62.06 62.06z\"><\/path><\/svg>\t\t\t<\/span>\n\t\t\t\t\t\t\t\t\t<span class=\"elementor-button-text\">\u5bb6<\/span>\n\t\t\t\t\t<\/span>\n\t\t\t\t\t<\/a>\n\t\t\t\t\t\t\t\t<\/div>\n\t\t\t\t\t<\/div>\n\t\t\t\t<\/div>\n\t\t<div class=\"elementor-element elementor-element-60d2979 e-flex e-con-boxed e-con e-parent\" data-id=\"60d2979\" data-element_type=\"container\" data-e-type=\"container\">\n\t\t\t\t\t<div class=\"e-con-inner\">\n\t\t\t\t<div class=\"elementor-element elementor-element-a1cefeb elementor-widget__width-initial elementor-widget elementor-widget-heading\" data-id=\"a1cefeb\" data-element_type=\"widget\" data-e-type=\"widget\" data-widget_type=\"heading.default\">\n\t\t\t\t\t<h2 class=\"elementor-heading-title elementor-size-default\">Requisitos para integrar la N\u00f3mina de \u00c1rbitros <\/h2>\t\t\t\t<\/div>\n\t\t\t\t<div class=\"elementor-element elementor-element-f542b7c elementor-widget elementor-widget-text-editor\" data-id=\"f542b7c\" data-element_type=\"widget\" data-e-type=\"widget\" data-widget_type=\"text-editor.default\">\n\t\t\t\t\t\t\t\t\t<p style=\"text-align: left;\"><b>Art\u00edculo 70. Requisitos para integrar la N\u00f3mina de \u00c1rbitros\u00a0<\/b><\/p><p style=\"text-align: left;\">El postulante que desee integrarse a la N\u00f3mina de \u00c1rbitros deber\u00e1 acreditar el cumplimiento de las siguientes condiciones:<\/p><p style=\"text-align: left;\"><span style=\"background-color: transparent;\"><strong>a)<\/strong> Presentar formalmente su solicitud de inscripci\u00f3n.<br \/><strong>b)<\/strong> Adjuntar su curr\u00edculum vitae debidamente sustentado, consignando t\u00edtulo profesional, grados acad\u00e9micos, distinciones, publicaciones (libros o art\u00edculos), experiencia docente universitaria, as\u00ed como trayectoria profesional general y especializada que respalde su conocimiento en mecanismos de soluci\u00f3n de controversias o en contrataci\u00f3n p\u00fablica vinculada a arbitrajes con el Estado.<\/span><\/p><p style=\"text-align: left;\"><strong>c)<\/strong> Acreditar la calidad de abogado u otro profesional, mediante copia del t\u00edtulo expedido por universidad nacional o extranjera, con la correspondiente constancia de inscripci\u00f3n en SUNEDU.\u00a0<\/p><p style=\"text-align: left;\"><strong>d)<\/strong> Contar con al menos tres (3) a\u00f1os de ejercicio profesional, computados desde la fecha de colegiatura.\u00a0<\/p><p style=\"text-align: left;\"><strong>e)<\/strong> No registrar m\u00e1s de tres (3) recusaciones declaradas fundadas por cualquier instituci\u00f3n arbitral, en procesos de contrataci\u00f3n p\u00fablica o en otras materias, dentro de los dos (2) a\u00f1os anteriores.\u00a0<\/p><p style=\"text-align: left;\"><strong>f)<\/strong> Demostrar formaci\u00f3n en contrataci\u00f3n p\u00fablica, arbitraje y derecho administrativo aplicable a \u00e1rbitros, acreditada por universidad licenciada por SUNEDU, escuela de posgrado, o programas dictados en convenio con dichas instituciones. En el caso de aspirantes a \u00e1rbitros en contrataci\u00f3n p\u00fablica, deber\u00e1n cumplir, como m\u00ednimo, con los requisitos previstos en la Ley General de Contrataciones P\u00fablicas, su Reglamento y las normas que la sustituyan o modifiquen.\u00a0<\/p><p style=\"text-align: left;\"><strong>g)<\/strong> Haber culminado un curso de especializaci\u00f3n en ejecuci\u00f3n contractual de obras p\u00fablicas, gesti\u00f3n de obras o materias afines, impartido por universidad, escuela de posgrado licenciada por SUNEDU o en convenio con estas.\u00a0<\/p><p style=\"text-align: left;\"><strong>h)<\/strong> Acreditar prestigio profesional, moral y \u00e9tico, mediante Declaraci\u00f3n Jurada en la que se certifique no tener procesos disciplinarios en tr\u00e1mite ni sanciones vigentes impuestas por su colegio profesional o por alg\u00fan registro del Estado; asimismo, no estar vinculado en publicaciones o redes sociales a hechos de corrupci\u00f3n o esc\u00e1ndalos.<\/p><p style=\"text-align: left;\"><strong>\u00a0i)<\/strong> Presentar Declaraci\u00f3n Jurada de no contar con antecedentes penales, judiciales ni policiales. En caso se detecte falsedad o inexactitud en la informaci\u00f3n proporcionada, se proceder\u00e1 a cancelar autom\u00e1ticamente la inscripci\u00f3n, comunicando tal hecho al colegio profesional correspondiente para las acciones que correspondan.<\/p><p style=\"text-align: left;\"><strong>\u00a0j)<\/strong> Encontrarse en pleno ejercicio de sus derechos civiles.<\/p>\t\t\t\t\t\t\t\t<\/div>\n\t\t\t\t\t<\/div>\n\t\t\t\t<\/div>\n\t\t<div class=\"elementor-element elementor-element-756366c e-flex e-con-boxed e-con e-parent\" data-id=\"756366c\" data-element_type=\"container\" data-e-type=\"container\">\n\t\t\t\t\t<div class=\"e-con-inner\">\n\t\t<div class=\"elementor-element elementor-element-a0de83b e-con-full e-flex e-con e-child\" data-id=\"a0de83b\" data-element_type=\"container\" data-e-type=\"container\">\n\t\t<div class=\"elementor-element elementor-element-3a8fd34 e-con-full e-flex e-con e-child\" data-id=\"3a8fd34\" data-element_type=\"container\" data-e-type=\"container\">\n\t\t\t\t<div class=\"elementor-element elementor-element-a9153bd elementor-widget elementor-widget-heading\" data-id=\"a9153bd\" data-element_type=\"widget\" data-e-type=\"widget\" data-widget_type=\"heading.default\">\n\t\t\t\t\t<h2 class=\"elementor-heading-title elementor-size-default\">Inicia tu incorporaci\u00f3n para \u00c1rbitro<\/h2>\t\t\t\t<\/div>\n\t\t\t\t<div class=\"elementor-element elementor-element-45bf9ac elementor-widget elementor-widget-text-editor\" data-id=\"45bf9ac\" data-element_type=\"widget\" data-e-type=\"widget\" data-widget_type=\"text-editor.default\">\n\t\t\t\t\t\t\t\t\t<p class=\"text-gray-700 font-semibold self-start\">Para postular a nuestras lista de \u00c1rbitros debe cumplir con la siguiente documentaci\u00f3n:<\/p>\t\t\t\t\t\t\t\t<\/div>\n\t\t<div class=\"elementor-element elementor-element-e3d7d46 e-con-full e-flex e-con e-child\" data-id=\"e3d7d46\" data-element_type=\"container\" data-e-type=\"container\">\n\t\t\t\t<div class=\"elementor-element elementor-element-5132082 elementor-widget__width-auto elementor-align-justify elementor-widget-laptop__width-initial elementor-widget elementor-widget-button\" data-id=\"5132082\" data-element_type=\"widget\" data-e-type=\"widget\" data-widget_type=\"button.default\">\n\t\t\t\t\t\t\t\t\t\t<a class=\"elementor-button elementor-button-link elementor-size-sm\" href=\"https:\/\/tmarc.pe\/wp-content\/uploads\/2025\/10\/1.-Solicitud-de-postulacion-a-Nomina-de-Arbitros-Tmarc.docx\">\n\t\t\t\t\t\t<span class=\"elementor-button-content-wrapper\">\n\t\t\t\t\t\t<span class=\"elementor-button-icon\">\n\t\t\t\t<svg aria-hidden=\"true\" class=\"e-font-icon-svg e-fas-download\" viewbox=\"0 0 512 512\" xmlns=\"http:\/\/www.w3.org\/2000\/svg\"><path d=\"M216 0h80c13.3 0 24 10.7 24 24v168h87.7c17.8 0 26.7 21.5 14.1 34.1L269.7 378.3c-7.5 7.5-19.8 7.5-27.3 0L90.1 226.1c-12.6-12.6-3.7-34.1 14.1-34.1H192V24c0-13.3 10.7-24 24-24zm296 376v112c0 13.3-10.7 24-24 24H24c-13.3 0-24-10.7-24-24V376c0-13.3 10.7-24 24-24h146.7l49 49c20.1 20.1 52.5 20.1 72.6 0l49-49H488c13.3 0 24 10.7 24 24zm-124 88c0-11-9-20-20-20s-20 9-20 20 9 20 20 20 20-9 20-20zm64 0c0-11-9-20-20-20s-20 9-20 20 9 20 20 20 20-9 20-20z\"><\/path><\/svg>\t\t\t<\/span>\n\t\t\t\t\t\t\t\t\t<span class=\"elementor-button-text\">solicitud de incorporacion<\/span>\n\t\t\t\t\t<\/span>\n\t\t\t\t\t<\/a>\n\t\t\t\t\t\t\t\t<\/div>\n\t\t\t\t<div class=\"elementor-element elementor-element-15f19db elementor-widget__width-auto elementor-align-justify elementor-widget-laptop__width-initial elementor-widget elementor-widget-button\" data-id=\"15f19db\" data-element_type=\"widget\" data-e-type=\"widget\" data-widget_type=\"button.default\">\n\t\t\t\t\t\t\t\t\t\t<a class=\"elementor-button elementor-button-link elementor-size-sm\" href=\"https:\/\/tmarc.pe\/wp-content\/uploads\/2025\/11\/2.-FICHA-DE-INSCRIPCION-DE-ARBITROS-TMARC-01-F-09-25-4.docx\">\n\t\t\t\t\t\t<span class=\"elementor-button-content-wrapper\">\n\t\t\t\t\t\t<span class=\"elementor-button-icon\">\n\t\t\t\t<svg aria-hidden=\"true\" class=\"e-font-icon-svg e-fas-download\" viewbox=\"0 0 512 512\" xmlns=\"http:\/\/www.w3.org\/2000\/svg\"><path d=\"M216 0h80c13.3 0 24 10.7 24 24v168h87.7c17.8 0 26.7 21.5 14.1 34.1L269.7 378.3c-7.5 7.5-19.8 7.5-27.3 0L90.1 226.1c-12.6-12.6-3.7-34.1 14.1-34.1H192V24c0-13.3 10.7-24 24-24zm296 376v112c0 13.3-10.7 24-24 24H24c-13.3 0-24-10.7-24-24V376c0-13.3 10.7-24 24-24h146.7l49 49c20.1 20.1 52.5 20.1 72.6 0l49-49H488c13.3 0 24 10.7 24 24zm-124 88c0-11-9-20-20-20s-20 9-20 20 9 20 20 20 20-9 20-20zm64 0c0-11-9-20-20-20s-20 9-20 20 9 20 20 20 20-9 20-20z\"><\/path><\/svg>\t\t\t<\/span>\n\t\t\t\t\t\t\t\t\t<span class=\"elementor-button-text\">ficha de inscripcion<\/span>\n\t\t\t\t\t<\/span>\n\t\t\t\t\t<\/a>\n\t\t\t\t\t\t\t\t<\/div>\n\t\t\t\t<div class=\"elementor-element elementor-element-c16c81d elementor-widget__width-auto elementor-align-justify elementor-widget-laptop__width-initial elementor-widget elementor-widget-button\" data-id=\"c16c81d\" data-element_type=\"widget\" data-e-type=\"widget\" data-widget_type=\"button.default\">\n\t\t\t\t\t\t\t\t\t\t<a class=\"elementor-button elementor-button-link elementor-size-sm\" href=\"https:\/\/tmarc.pe\/wp-content\/uploads\/2025\/11\/3.-Declaracion-Jurada-de-Antecedentes-Tmarc-ARBITRAJE.docx\">\n\t\t\t\t\t\t<span class=\"elementor-button-content-wrapper\">\n\t\t\t\t\t\t<span class=\"elementor-button-icon\">\n\t\t\t\t<svg aria-hidden=\"true\" class=\"e-font-icon-svg e-fas-download\" viewbox=\"0 0 512 512\" xmlns=\"http:\/\/www.w3.org\/2000\/svg\"><path d=\"M216 0h80c13.3 0 24 10.7 24 24v168h87.7c17.8 0 26.7 21.5 14.1 34.1L269.7 378.3c-7.5 7.5-19.8 7.5-27.3 0L90.1 226.1c-12.6-12.6-3.7-34.1 14.1-34.1H192V24c0-13.3 10.7-24 24-24zm296 376v112c0 13.3-10.7 24-24 24H24c-13.3 0-24-10.7-24-24V376c0-13.3 10.7-24 24-24h146.7l49 49c20.1 20.1 52.5 20.1 72.6 0l49-49H488c13.3 0 24 10.7 24 24zm-124 88c0-11-9-20-20-20s-20 9-20 20 9 20 20 20 20-9 20-20zm64 0c0-11-9-20-20-20s-20 9-20 20 9 20 20 20 20-9 20-20z\"><\/path><\/svg>\t\t\t<\/span>\n\t\t\t\t\t\t\t\t\t<span class=\"elementor-button-text\">DECLARACION JURADA<\/span>\n\t\t\t\t\t<\/span>\n\t\t\t\t\t<\/a>\n\t\t\t\t\t\t\t\t<\/div>\n\t\t\t\t<div class=\"elementor-element elementor-element-13ae668 elementor-widget__width-auto elementor-align-justify elementor-widget-laptop__width-initial elementor-widget elementor-widget-button\" data-id=\"13ae668\" data-element_type=\"widget\" data-e-type=\"widget\" data-widget_type=\"button.default\">\n\t\t\t\t\t\t\t\t\t\t<a class=\"elementor-button elementor-button-link elementor-size-sm\" href=\"https:\/\/tmarc.pe\/wp-content\/uploads\/2025\/11\/4.-Formato-de-Debida-Diligencia-para-29072025.docx\">\n\t\t\t\t\t\t<span class=\"elementor-button-content-wrapper\">\n\t\t\t\t\t\t<span class=\"elementor-button-icon\">\n\t\t\t\t<svg aria-hidden=\"true\" class=\"e-font-icon-svg e-fas-download\" viewbox=\"0 0 512 512\" xmlns=\"http:\/\/www.w3.org\/2000\/svg\"><path d=\"M216 0h80c13.3 0 24 10.7 24 24v168h87.7c17.8 0 26.7 21.5 14.1 34.1L269.7 378.3c-7.5 7.5-19.8 7.5-27.3 0L90.1 226.1c-12.6-12.6-3.7-34.1 14.1-34.1H192V24c0-13.3 10.7-24 24-24zm296 376v112c0 13.3-10.7 24-24 24H24c-13.3 0-24-10.7-24-24V376c0-13.3 10.7-24 24-24h146.7l49 49c20.1 20.1 52.5 20.1 72.6 0l49-49H488c13.3 0 24 10.7 24 24zm-124 88c0-11-9-20-20-20s-20 9-20 20 9 20 20 20 20-9 20-20zm64 0c0-11-9-20-20-20s-20 9-20 20 9 20 20 20 20-9 20-20z\"><\/path><\/svg>\t\t\t<\/span>\n\t\t\t\t\t\t\t\t\t<span class=\"elementor-button-text\">DEBIDA DILIGENCIA N\u00d3MINA DE \u00c1RBITROS<\/span>\n\t\t\t\t\t<\/span>\n\t\t\t\t\t<\/a>\n\t\t\t\t\t\t\t\t<\/div>\n\t\t\t\t<div class=\"elementor-element elementor-element-b44e49e elementor-widget__width-auto elementor-align-justify elementor-widget-laptop__width-initial elementor-widget elementor-widget-button\" data-id=\"b44e49e\" data-element_type=\"widget\" data-e-type=\"widget\" data-widget_type=\"button.default\">\n\t\t\t\t\t\t\t\t\t\t<a class=\"elementor-button elementor-button-link elementor-size-sm\" href=\"https:\/\/tmarc.pe\/wp-content\/uploads\/2025\/11\/5.-Acuerdo-de-confidencialidad-SOCIOS-DE-NEGOCIO-JPRD.docx\">\n\t\t\t\t\t\t<span class=\"elementor-button-content-wrapper\">\n\t\t\t\t\t\t<span class=\"elementor-button-icon\">\n\t\t\t\t<svg aria-hidden=\"true\" class=\"e-font-icon-svg e-fas-download\" viewbox=\"0 0 512 512\" xmlns=\"http:\/\/www.w3.org\/2000\/svg\"><path d=\"M216 0h80c13.3 0 24 10.7 24 24v168h87.7c17.8 0 26.7 21.5 14.1 34.1L269.7 378.3c-7.5 7.5-19.8 7.5-27.3 0L90.1 226.1c-12.6-12.6-3.7-34.1 14.1-34.1H192V24c0-13.3 10.7-24 24-24zm296 376v112c0 13.3-10.7 24-24 24H24c-13.3 0-24-10.7-24-24V376c0-13.3 10.7-24 24-24h146.7l49 49c20.1 20.1 52.5 20.1 72.6 0l49-49H488c13.3 0 24 10.7 24 24zm-124 88c0-11-9-20-20-20s-20 9-20 20 9 20 20 20 20-9 20-20zm64 0c0-11-9-20-20-20s-20 9-20 20 9 20 20 20 20-9 20-20z\"><\/path><\/svg>\t\t\t<\/span>\n\t\t\t\t\t\t\t\t\t<span class=\"elementor-button-text\">ACUERDO DE CONFIDENCIALIDAD<\/span>\n\t\t\t\t\t<\/span>\n\t\t\t\t\t<\/a>\n\t\t\t\t\t\t\t\t<\/div>\n\t\t\t\t<\/div>\n\t\t\t\t<\/div>\n\t\t\t\t<\/div>\n\t\t<div class=\"elementor-element elementor-element-213469e e-con-full e-flex e-con e-child\" data-id=\"213469e\" data-element_type=\"container\" data-e-type=\"container\">\n\t\t<div class=\"elementor-element elementor-element-09e88db e-con-full e-flex e-con e-child\" data-id=\"09e88db\" data-element_type=\"container\" data-e-type=\"container\">\n\t\t\t\t<div class=\"elementor-element elementor-element-fe4b846 elementor-widget elementor-widget-image\" data-id=\"fe4b846\" data-element_type=\"widget\" data-e-type=\"widget\" data-widget_type=\"image.default\">\n\t\t\t\t\t\t\t\t\t\t\t\t\t\t\t<img fetchpriority=\"high\" decoding=\"async\" width=\"800\" height=\"548\" src=\"https:\/\/tmarc.pe\/wp-content\/uploads\/2025\/09\/Composicion-03-1024x701.jpg\" class=\"attachment-large size-large wp-image-1042\" alt=\"\" srcset=\"https:\/\/tmarc.pe\/wp-content\/uploads\/2025\/09\/Composicion-03-1024x701.jpg 1024w, https:\/\/tmarc.pe\/wp-content\/uploads\/2025\/09\/Composicion-03-300x205.jpg 300w, https:\/\/tmarc.pe\/wp-content\/uploads\/2025\/09\/Composicion-03-768x525.jpg 768w, https:\/\/tmarc.pe\/wp-content\/uploads\/2025\/09\/Composicion-03.jpg 1216w\" sizes=\"(max-width: 800px) 100vw, 800px\" \/>\t\t\t\t\t\t\t\t\t\t\t\t\t\t\t<\/div>\n\t\t\t\t<\/div>\n\t\t\t\t<\/div>\n\t\t\t\t\t<\/div>\n\t\t\t\t<\/div>\n\t\t<div class=\"elementor-element elementor-element-c3fd177 e-flex e-con-boxed e-con e-parent\" data-id=\"c3fd177\" data-element_type=\"container\" data-e-type=\"container\">\n\t\t\t\t\t<div class=\"e-con-inner\">\n\t\t\t\t<div class=\"elementor-element elementor-element-64c9c7a elementor-widget elementor-widget-heading\" data-id=\"64c9c7a\" data-element_type=\"widget\" data-e-type=\"widget\" data-widget_type=\"heading.default\">\n\t\t\t\t\t<h2 class=\"elementor-heading-title elementor-size-default\">PRODECIMIENTO PARA INCORPORACION A LA N\u00d3MINA DE ARBITRO<\/h2>\t\t\t\t<\/div>\n\t\t\t\t<div class=\"elementor-element elementor-element-ee836f2 elementor-widget__width-initial elementor-widget elementor-widget-text-editor\" data-id=\"ee836f2\" data-element_type=\"widget\" data-e-type=\"widget\" data-widget_type=\"text-editor.default\">\n\t\t\t\t\t\t\t\t\t<p>La selecci\u00f3n e incorporaci\u00f3n de \u00e1rbitros a la n\u00f3mina institucional de TMARC CENTRO DE ARBITRAJE &amp; DISPUTE BOARDS responde a un proceso que busca garantizar imparcialidad, apertura y la m\u00e1s alta calidad profesional. Este procedimiento est\u00e1 dise\u00f1ado para promover la meritocracia y la transparencia, asegurando que quienes resulten incorporados cumplan con los est\u00e1ndares que exige la pr\u00e1ctica arbitral y, en su caso, la contrataci\u00f3n p\u00fablica.<\/p>\n<p>La primera fase consiste en la publicaci\u00f3n de una convocatoria abierta a trav\u00e9s de los medios oficiales de la instituci\u00f3n, lo que permite que todos los profesionales interesados tengan la oportunidad de participar en igualdad de condiciones. Los aspirantes deber\u00e1n presentar su hoja de vida acompa\u00f1ada de la documentaci\u00f3n que acredite su trayectoria, la cual ser\u00e1 evaluada conforme a los par\u00e1metros definidos en el Reglamento del Centro. En el supuesto de postular a la n\u00f3mina de contrataci\u00f3n p\u00fablica, la valoraci\u00f3n tambi\u00e9n atender\u00e1 los requisitos previstos en la normativa que regula dicha materia.<\/p>\n<p style=\"font-weight: 400;\"><strong>Art\u00edculo 328. Requisitos para ser \u00e1rbitros en materia de contrataci\u00f3n p\u00fablica<\/strong><\/p>\n<p style=\"font-weight: 400;\">328.1. Para ser arbitro en materia de contrataci\u00f3n p\u00fablicas, se requiere lo siguiente:<\/p><p style=\"font-weight: 400;\"><span style=\"background-color: transparent;\">a) Formar parte de la n\u00f3mina de una Instituci\u00f3n Arbitral que se encuentre en el REGAJU.<\/span><\/p><p style=\"font-weight: 400;\"><span style=\"background-color: transparent;\">b) Cumplir los requisitos contemplados en el numeral 77.7 del art\u00edculo 77 de la Ley.<\/span><\/p><p style=\"font-weight: 400;\"><span style=\"background-color: transparent;\">c) No encontrarse impedidos para ser \u00e1rbitros conforme lo se\u00f1alado en el art\u00edculo 327.<\/span><\/p>\n<p style=\"font-weight: 400;\">328.2. Para ser arbitro \u00fanico o presidente del tribunal arbitral se requiere que el profesional abogado cuente con estudios de especializaci\u00f3n en derecho administrativo, arbitraje y contrataciones p\u00fablicas. Cada especializaci\u00f3n puede ser acreditada mediante estudios concluidos de doctorados o maestr\u00eda en materias relacionadas, o cursos o postgrados brindados por universidades o colegios profesionales en cada una de las referidas materias o acreditar docencia universitaria en dichas materias, como m\u00ednimo dos a\u00f1os o cuatro semestres o doscientos cuarenta horas acad\u00e9micas.<\/p>\n<p style=\"font-weight: 400;\">328.3. Las partes pueden proponer \u00e1rbitros distintos a los que forman parte de las n\u00f3minas de la Instituci\u00f3n Arbitral elegida, siempre que formen parte de las n\u00f3minas de una Instituci\u00f3n Arbitral que se encuentre en el REGAJU; en cuyo caso, la instituci\u00f3n elegida por las partes puede confirmar o no la designaci\u00f3n de los \u00e1rbitros efectuada por las partes, motivando su decisi\u00f3n. Dicha decisi\u00f3n \u00fanicamente puede ser impugnada por el \u00e1rbitro ante el \u00f3rgano superior de arbitraje de la Instituci\u00f3n Arbitral.<\/p>\t\t\t\t\t\t\t\t<\/div>\n\t\t\t\t\t<\/div>\n\t\t\t\t<\/div>\n\t\t<div class=\"elementor-element elementor-element-57bee42 e-flex e-con-boxed e-con e-parent\" data-id=\"57bee42\" data-element_type=\"container\" data-e-type=\"container\">\n\t\t\t\t\t<div class=\"e-con-inner\">\n\t\t\t\t\t<\/div>\n\t\t\t\t<\/div>\n\t\t\t\t<\/div>","protected":false},"excerpt":{"rendered":"<p>Requisitos Para Integrar la N\u00f3mina de \u00c1rbitros INICIO Requisitos para integrar la N\u00f3mina de \u00c1rbitros Art\u00edculo 70. Requisitos para integrar la N\u00f3mina de \u00c1rbitros\u00a0 El postulante que desee integrarse a la N\u00f3mina de \u00c1rbitros deber\u00e1 acreditar el cumplimiento de las siguientes condiciones: a) Presentar formalmente su solicitud de inscripci\u00f3n.b) Adjuntar su curr\u00edculum vitae debidamente sustentado, [&hellip;]<\/p>","protected":false},"author":1,"featured_media":0,"parent":0,"menu_order":0,"comment_status":"closed","ping_status":"closed","template":"elementor_header_footer","meta":{"_joinchat":[],"footnotes":""},"class_list":["post-1851","page","type-page","status-publish","hentry"],"jetpack_sharing_enabled":true,"_links":{"self":[{"href":"https:\/\/tmarc.pe\/zh\/wp-json\/wp\/v2\/pages\/1851","targetHints":{"allow":["GET"]}}],"collection":[{"href":"https:\/\/tmarc.pe\/zh\/wp-json\/wp\/v2\/pages"}],"about":[{"href":"https:\/\/tmarc.pe\/zh\/wp-json\/wp\/v2\/types\/page"}],"author":[{"embeddable":true,"href":"https:\/\/tmarc.pe\/zh\/wp-json\/wp\/v2\/users\/1"}],"replies":[{"embeddable":true,"href":"https:\/\/tmarc.pe\/zh\/wp-json\/wp\/v2\/comments?post=1851"}],"version-history":[{"count":53,"href":"https:\/\/tmarc.pe\/zh\/wp-json\/wp\/v2\/pages\/1851\/revisions"}],"predecessor-version":[{"id":4573,"href":"https:\/\/tmarc.pe\/zh\/wp-json\/wp\/v2\/pages\/1851\/revisions\/4573"}],"wp:attachment":[{"href":"https:\/\/tmarc.pe\/zh\/wp-json\/wp\/v2\/media?parent=1851"}],"curies":[{"name":"wp","href":"https:\/\/api.w.org\/{rel}","templated":true}]}}