{"id":1909,"date":"2025-10-05T19:50:48","date_gmt":"2025-10-05T19:50:48","guid":{"rendered":"https:\/\/tmarc.pe\/?page_id=1909"},"modified":"2026-02-16T19:52:05","modified_gmt":"2026-02-16T19:52:05","slug":"requisitos-adjudicadores","status":"publish","type":"page","link":"https:\/\/tmarc.pe\/en\/requisitos-adjudicadores\/","title":{"rendered":"REQUISITOS ADJUDICADORES"},"content":{"rendered":"<div data-elementor-type=\"wp-page\" data-elementor-id=\"1909\" class=\"elementor elementor-1909\" data-elementor-post-type=\"page\">\n\t\t\t\t<div class=\"elementor-element elementor-element-809e652 e-flex e-con-boxed e-con e-parent\" data-id=\"809e652\" data-element_type=\"container\" data-e-type=\"container\" data-settings=\"{&quot;background_background&quot;:&quot;video&quot;,&quot;background_video_link&quot;:&quot;https:\\\/\\\/vimeo.com\\\/1133337143?share=copy&amp;fl=sv&amp;fe=ci&quot;}\">\n\t\t\t\t\t<div class=\"e-con-inner\">\n\t\t<div class=\"elementor-background-video-container elementor-hidden-mobile\">\n\t\t\t\t\t\t\t<div class=\"elementor-background-video-embed\" role=\"presentation\"><\/div>\n\t\t\t\t\t\t<\/div><div class=\"elementor-element elementor-element-8f83f1f e-con-full premium-con-lq__glass5 e-flex e-con e-child\" data-id=\"8f83f1f\" data-element_type=\"container\" data-e-type=\"container\" data-settings=\"{&quot;background_background&quot;:&quot;gradient&quot;,&quot;motion_fx_motion_fx_scrolling&quot;:&quot;yes&quot;,&quot;motion_fx_translateY_effect&quot;:&quot;yes&quot;,&quot;motion_fx_translateY_speed&quot;:{&quot;unit&quot;:&quot;px&quot;,&quot;size&quot;:1.5,&quot;sizes&quot;:[]},&quot;motion_fx_translateY_affectedRange&quot;:{&quot;unit&quot;:&quot;%&quot;,&quot;size&quot;:&quot;&quot;,&quot;sizes&quot;:{&quot;start&quot;:0,&quot;end&quot;:100}},&quot;motion_fx_devices&quot;:[&quot;desktop&quot;,&quot;laptop&quot;,&quot;tablet&quot;,&quot;mobile&quot;]}\">\n\t\t\t\t<div class=\"elementor-element elementor-element-515464b elementor-widget elementor-widget-image\" data-id=\"515464b\" data-element_type=\"widget\" data-e-type=\"widget\" data-widget_type=\"image.default\">\n\t\t\t\t\t\t\t\t\t\t\t\t\t\t\t<img decoding=\"async\" src=\"https:\/\/tmarc.pe\/wp-content\/uploads\/2025\/10\/justice.json\" title=\"\" alt=\"\" loading=\"lazy\" \/>\t\t\t\t\t\t\t\t\t\t\t\t\t\t\t<\/div>\n\t\t\t\t<div class=\"elementor-element elementor-element-00ec45b premium-header-block elementor-widget__width-initial premium-lq__none premium-box-lq__none elementor-widget elementor-widget-premium-addon-dual-header\" data-id=\"00ec45b\" data-element_type=\"widget\" data-e-type=\"widget\" data-widget_type=\"premium-addon-dual-header.default\">\n\t\t\t\t\t\n\t\t<div class=\"elementor-widget-container\">\n\t\t\t\t\t<h1 class=\"premium-dual-header-first-header\"><span class=\"premium-dual-header-first-span\">Requirements<br> <\/span><span class=\"premium-dual-header-second-header\">To<b><u> Integrate <\/u><\/b> the <b><u>N\u00f3mina de Adjudicadores<\/u><\/b> <\/span><\/h1> \t\t\t\t<\/div>\n\n\t\t\t\t\t\t<\/div>\n\t\t\t\t\t\n<hr class=\"e-divider-base\" data-interaction-id=\"5a65fe1\" data-interactions=\"&#x5B;&#x5D;\"   \/>\n\t\t\t\t<div class=\"elementor-element elementor-element-d614df1 premium-lottie-svg elementor-widget elementor-widget-premium-lottie\" data-id=\"d614df1\" data-element_type=\"widget\" data-e-type=\"widget\" data-settings=\"{&quot;lottie_file&quot;:{&quot;url&quot;:&quot;https:\\\/\\\/tmarc.pe\\\/wp-content\\\/uploads\\\/2025\\\/11\\\/Scroll-Down-Arrow.json&quot;,&quot;id&quot;:3050,&quot;size&quot;:&quot;&quot;,&quot;alt&quot;:&quot;&quot;,&quot;source&quot;:&quot;library&quot;}}\" data-widget_type=\"premium-lottie.default\">\n\t\t\t\t\t\r\n\t\t<div class=\"premium-lottie-animation\" data-lottie-url=\"https:\/\/tmarc.pe\/wp-content\/uploads\/2025\/11\/Scroll-Down-Arrow.json\" data-lottie-loop=\"true\" data-lottie-reverse=\"\" data-lottie-hover=\"\" data-lottie-speed=\"1\" data-lottie-render=\"svg\" data-lottie-delay=\"\">\r\n\t\t\t\t\t<\/div>\r\n\r\n\t\t\t\t\t\t<\/div>\n\t\t\t\t<\/div>\n\t\t\t\t\t<\/div>\n\t\t\t\t<\/div>\n\t\t<div class=\"elementor-element elementor-element-5acd4ce e-flex e-con-boxed e-con e-parent\" data-id=\"5acd4ce\" data-element_type=\"container\" data-e-type=\"container\">\n\t\t\t\t\t<div class=\"e-con-inner\">\n\t\t\t\t<div class=\"elementor-element elementor-element-44e042e elementor-widget elementor-widget-text-editor\" data-id=\"44e042e\" data-element_type=\"widget\" data-e-type=\"widget\" data-widget_type=\"text-editor.default\">\n\t\t\t\t\t\t\t\t\t<p style=\"text-align: left;\"><b>Art\u00edculo 77. Requisitos para integrar la N\u00f3mina de Adjudicadores<\/b><\/p><p style=\"text-align: left;\">El postulante que desee integrarse a la N\u00f3mina de Adjudicadores en contrataci\u00f3n p\u00fablica deber\u00e1 acreditar el cumplimiento de las siguientes condiciones:<\/p><p style=\"text-align: left;\"><span style=\"background-color: transparent;\"><strong>(a)<\/strong> Formally submit your application for enrollment.<\/span><\/p><p style=\"text-align: left;\"><span style=\"background-color: transparent;\"><strong>(b)<\/strong> Attach your curriculum vitae duly supported, including professional title, academic degrees, awards, publications (books or articles), university teaching experience, as well as professional career general and specialized that supports your knowledge in dispute resolution mechanisms, or in public procurement linked to arbitration with the State.<\/span><\/p><p style=\"text-align: left;\"><strong>c)<\/strong> Acreditar la condici\u00f3n de profesional colegiado (abogado u otra profesi\u00f3n), mediante copia del t\u00edtulo universitario emitido por una universidad nacional o extranjera, debidamente inscrito en SUNEDU.<\/p><p style=\"text-align: left;\"><strong>d)<\/strong> Contar con un m\u00ednimo de tres (3) a\u00f1os de ejercicio profesional, computados desde la fecha de colegiatura.\u00a0<\/p><p style=\"text-align: left;\"><b>(e) <\/b>Acreditar al menos dos (2) a\u00f1os de experiencia como adjudicador o supervisor de obras, o en su defecto, cumplir con los requisitos exigidos para \u00e1rbitros conforme al literal b) del numeral 77.7 del art\u00edculo 77 de la Ley N.\u00ba 32069.<\/p><p style=\"text-align: left;\"><b>f) <\/b>Trat\u00e1ndose de contratos de suministro, el adjudicador \u00fanico o al menos uno de los integrantes de la Junta de Resoluci\u00f3n de Disputas deber\u00e1 acreditar experiencia en el Sistema Nacional de Abastecimiento.<\/p><p style=\"text-align: left;\"><b>g)<\/b> No registrar m\u00e1s de tres (3) recusaciones fundadas en los \u00faltimos dos (2) a\u00f1os, declaradas por cualquier instituci\u00f3n arbitral en procesos sobre contrataciones con el Estado u otra materia especializada.<\/p><p style=\"text-align: left;\"><b>h)<\/b> Acreditar formaci\u00f3n espec\u00edfica en Juntas de Resoluci\u00f3n de Disputas o Dispute Boards, emitida por universidades, escuelas de posgrado licenciadas por SUNEDU o programas realizados en convenio con estas.<\/p><p style=\"text-align: left;\"><b>(i)<\/b> Contar con un curso de especializaci\u00f3n en ejecuci\u00f3n contractual de obras p\u00fablicas o en gesti\u00f3n de obras, otorgado por universidades, escuelas de posgrado licenciadas por SUNEDU o mediante convenios acad\u00e9micos reconocidos.<\/p><p style=\"text-align: left;\"><b>j)<\/b> Haber aprobado un curso de especializaci\u00f3n en habilidades blandas orientadas a la funci\u00f3n adjudicadora, con una duraci\u00f3n m\u00ednima de 60 horas acad\u00e9micas emitido por Universidad con licencia de SUNEDU o en convenio con ellas.<\/p><p style=\"text-align: left;\"><b>k) <\/b>Gozar de reconocida solvencia profesional, moral y \u00e9tica, debiendo presentar declaraci\u00f3n jurada que certifique no estar sometido a procesos disciplinarios ni sanciones vigentes por parte de su colegio profesional, ni figurar en registros estatales con sanciones relacionadas a su ejercicio profesional. Asimismo, declarar no tener publicaciones en medios<\/p>\t\t\t\t\t\t\t\t<\/div>\n\t\t\t\t\t<\/div>\n\t\t\t\t<\/div>\n\t\t<div class=\"elementor-element elementor-element-0b67bb4 e-flex e-con-boxed e-con e-parent\" data-id=\"0b67bb4\" data-element_type=\"container\" data-e-type=\"container\">\n\t\t\t\t\t<div class=\"e-con-inner\">\n\t\t<div class=\"elementor-element elementor-element-353133a e-con-full e-flex e-con e-child\" data-id=\"353133a\" data-element_type=\"container\" data-e-type=\"container\">\n\t\t<div class=\"elementor-element elementor-element-0d53166 e-con-full e-flex e-con e-child\" data-id=\"0d53166\" data-element_type=\"container\" data-e-type=\"container\">\n\t\t\t\t<div class=\"elementor-element elementor-element-3dc4720 elementor-widget elementor-widget-heading\" data-id=\"3dc4720\" data-element_type=\"widget\" data-e-type=\"widget\" data-widget_type=\"heading.default\">\n\t\t\t\t\t<h2 class=\"elementor-heading-title elementor-size-default\">Inicia tu incorporaci\u00f3n para Adjudicadores<\/h2>\t\t\t\t<\/div>\n\t\t\t\t<div class=\"elementor-element elementor-element-1f40f25 elementor-widget elementor-widget-text-editor\" data-id=\"1f40f25\" data-element_type=\"widget\" data-e-type=\"widget\" data-widget_type=\"text-editor.default\">\n\t\t\t\t\t\t\t\t\t<p>Para postular a\u00a0 nuestra lista de adjudicadores debe cumplir con lo siguiente :<\/p>\t\t\t\t\t\t\t\t<\/div>\n\t\t<div class=\"elementor-element elementor-element-60d44e8 e-con-full e-flex e-con e-child\" data-id=\"60d44e8\" data-element_type=\"container\" data-e-type=\"container\">\n\t\t\t\t<div class=\"elementor-element elementor-element-cddb996 elementor-widget__width-auto elementor-align-justify elementor-widget-laptop__width-initial elementor-widget elementor-widget-button\" data-id=\"cddb996\" data-element_type=\"widget\" data-e-type=\"widget\" data-widget_type=\"button.default\">\n\t\t\t\t\t\t\t\t\t\t<a class=\"elementor-button elementor-button-link elementor-size-sm\" href=\"https:\/\/tmarc.pe\/wp-content\/uploads\/2025\/11\/1.-Solicitud-de-postulacion-a-Nomina-de-Adjudicadores-Tmarc.docx\">\n\t\t\t\t\t\t<span class=\"elementor-button-content-wrapper\">\n\t\t\t\t\t\t<span class=\"elementor-button-icon\">\n\t\t\t\t<svg aria-hidden=\"true\" class=\"e-font-icon-svg e-fas-download\" viewbox=\"0 0 512 512\" xmlns=\"http:\/\/www.w3.org\/2000\/svg\"><path d=\"M216 0h80c13.3 0 24 10.7 24 24v168h87.7c17.8 0 26.7 21.5 14.1 34.1L269.7 378.3c-7.5 7.5-19.8 7.5-27.3 0L90.1 226.1c-12.6-12.6-3.7-34.1 14.1-34.1H192V24c0-13.3 10.7-24 24-24zm296 376v112c0 13.3-10.7 24-24 24H24c-13.3 0-24-10.7-24-24V376c0-13.3 10.7-24 24-24h146.7l49 49c20.1 20.1 52.5 20.1 72.6 0l49-49H488c13.3 0 24 10.7 24 24zm-124 88c0-11-9-20-20-20s-20 9-20 20 9 20 20 20 20-9 20-20zm64 0c0-11-9-20-20-20s-20 9-20 20 9 20 20 20 20-9 20-20z\"><\/path><\/svg>\t\t\t<\/span>\n\t\t\t\t\t\t\t\t\t<span class=\"elementor-button-text\">solicitud de INCORPORACI\u00d3N <\/span>\n\t\t\t\t\t<\/span>\n\t\t\t\t\t<\/a>\n\t\t\t\t\t\t\t\t<\/div>\n\t\t\t\t<div class=\"elementor-element elementor-element-fc2522a elementor-widget__width-auto elementor-align-justify elementor-widget-laptop__width-initial elementor-widget elementor-widget-button\" data-id=\"fc2522a\" data-element_type=\"widget\" data-e-type=\"widget\" data-widget_type=\"button.default\">\n\t\t\t\t\t\t\t\t\t\t<a class=\"elementor-button elementor-button-link elementor-size-sm\" href=\"https:\/\/tmarc.pe\/wp-content\/uploads\/2025\/11\/2.-FICHA-DE-INSCRIPCION-DE-ADJUDICADORES-TMARC-01-F-09-25.docx\">\n\t\t\t\t\t\t<span class=\"elementor-button-content-wrapper\">\n\t\t\t\t\t\t<span class=\"elementor-button-icon\">\n\t\t\t\t<svg aria-hidden=\"true\" class=\"e-font-icon-svg e-fas-download\" viewbox=\"0 0 512 512\" xmlns=\"http:\/\/www.w3.org\/2000\/svg\"><path d=\"M216 0h80c13.3 0 24 10.7 24 24v168h87.7c17.8 0 26.7 21.5 14.1 34.1L269.7 378.3c-7.5 7.5-19.8 7.5-27.3 0L90.1 226.1c-12.6-12.6-3.7-34.1 14.1-34.1H192V24c0-13.3 10.7-24 24-24zm296 376v112c0 13.3-10.7 24-24 24H24c-13.3 0-24-10.7-24-24V376c0-13.3 10.7-24 24-24h146.7l49 49c20.1 20.1 52.5 20.1 72.6 0l49-49H488c13.3 0 24 10.7 24 24zm-124 88c0-11-9-20-20-20s-20 9-20 20 9 20 20 20 20-9 20-20zm64 0c0-11-9-20-20-20s-20 9-20 20 9 20 20 20 20-9 20-20z\"><\/path><\/svg>\t\t\t<\/span>\n\t\t\t\t\t\t\t\t\t<span class=\"elementor-button-text\">tab of registration<\/span>\n\t\t\t\t\t<\/span>\n\t\t\t\t\t<\/a>\n\t\t\t\t\t\t\t\t<\/div>\n\t\t\t\t<div class=\"elementor-element elementor-element-87797f6 elementor-widget__width-auto elementor-align-justify elementor-widget-laptop__width-initial elementor-widget elementor-widget-button\" data-id=\"87797f6\" data-element_type=\"widget\" data-e-type=\"widget\" data-widget_type=\"button.default\">\n\t\t\t\t\t\t\t\t\t\t<a class=\"elementor-button elementor-button-link elementor-size-sm\" href=\"https:\/\/tmarc.pe\/wp-content\/uploads\/2025\/11\/3.-Declaracion-Jurada-de-Antecedentes-Tmarc-JPRD.docx\">\n\t\t\t\t\t\t<span class=\"elementor-button-content-wrapper\">\n\t\t\t\t\t\t<span class=\"elementor-button-icon\">\n\t\t\t\t<svg aria-hidden=\"true\" class=\"e-font-icon-svg e-fas-download\" viewbox=\"0 0 512 512\" xmlns=\"http:\/\/www.w3.org\/2000\/svg\"><path d=\"M216 0h80c13.3 0 24 10.7 24 24v168h87.7c17.8 0 26.7 21.5 14.1 34.1L269.7 378.3c-7.5 7.5-19.8 7.5-27.3 0L90.1 226.1c-12.6-12.6-3.7-34.1 14.1-34.1H192V24c0-13.3 10.7-24 24-24zm296 376v112c0 13.3-10.7 24-24 24H24c-13.3 0-24-10.7-24-24V376c0-13.3 10.7-24 24-24h146.7l49 49c20.1 20.1 52.5 20.1 72.6 0l49-49H488c13.3 0 24 10.7 24 24zm-124 88c0-11-9-20-20-20s-20 9-20 20 9 20 20 20 20-9 20-20zm64 0c0-11-9-20-20-20s-20 9-20 20 9 20 20 20 20-9 20-20z\"><\/path><\/svg>\t\t\t<\/span>\n\t\t\t\t\t\t\t\t\t<span class=\"elementor-button-text\">SWORN STATEMENT<\/span>\n\t\t\t\t\t<\/span>\n\t\t\t\t\t<\/a>\n\t\t\t\t\t\t\t\t<\/div>\n\t\t\t\t<div class=\"elementor-element elementor-element-75e6a01 elementor-widget__width-auto elementor-align-justify elementor-widget-laptop__width-initial elementor-widget elementor-widget-button\" data-id=\"75e6a01\" data-element_type=\"widget\" data-e-type=\"widget\" data-widget_type=\"button.default\">\n\t\t\t\t\t\t\t\t\t\t<a class=\"elementor-button elementor-button-link elementor-size-sm\" href=\"https:\/\/tmarc.pe\/wp-content\/uploads\/2025\/11\/4.-Formato-de-Debida-Diligencia-para-29072025.docx\">\n\t\t\t\t\t\t<span class=\"elementor-button-content-wrapper\">\n\t\t\t\t\t\t<span class=\"elementor-button-icon\">\n\t\t\t\t<svg aria-hidden=\"true\" class=\"e-font-icon-svg e-fas-download\" viewbox=\"0 0 512 512\" xmlns=\"http:\/\/www.w3.org\/2000\/svg\"><path d=\"M216 0h80c13.3 0 24 10.7 24 24v168h87.7c17.8 0 26.7 21.5 14.1 34.1L269.7 378.3c-7.5 7.5-19.8 7.5-27.3 0L90.1 226.1c-12.6-12.6-3.7-34.1 14.1-34.1H192V24c0-13.3 10.7-24 24-24zm296 376v112c0 13.3-10.7 24-24 24H24c-13.3 0-24-10.7-24-24V376c0-13.3 10.7-24 24-24h146.7l49 49c20.1 20.1 52.5 20.1 72.6 0l49-49H488c13.3 0 24 10.7 24 24zm-124 88c0-11-9-20-20-20s-20 9-20 20 9 20 20 20 20-9 20-20zm64 0c0-11-9-20-20-20s-20 9-20 20 9 20 20 20 20-9 20-20z\"><\/path><\/svg>\t\t\t<\/span>\n\t\t\t\t\t\t\t\t\t<span class=\"elementor-button-text\">DEBIDA DILIGENCIA N\u00d3MINA DE \u00c1djudicadores<\/span>\n\t\t\t\t\t<\/span>\n\t\t\t\t\t<\/a>\n\t\t\t\t\t\t\t\t<\/div>\n\t\t\t\t<div class=\"elementor-element elementor-element-a18592f elementor-widget__width-auto elementor-align-justify elementor-widget-laptop__width-initial elementor-widget elementor-widget-button\" data-id=\"a18592f\" data-element_type=\"widget\" data-e-type=\"widget\" data-widget_type=\"button.default\">\n\t\t\t\t\t\t\t\t\t\t<a class=\"elementor-button elementor-button-link elementor-size-sm\" href=\"https:\/\/tmarc.pe\/wp-content\/uploads\/2025\/11\/5.-Acuerdo-de-confidencialidad-SOCIOS-DE-NEGOCIO-JPRD.docx\">\n\t\t\t\t\t\t<span class=\"elementor-button-content-wrapper\">\n\t\t\t\t\t\t<span class=\"elementor-button-icon\">\n\t\t\t\t<svg aria-hidden=\"true\" class=\"e-font-icon-svg e-fas-download\" viewbox=\"0 0 512 512\" xmlns=\"http:\/\/www.w3.org\/2000\/svg\"><path d=\"M216 0h80c13.3 0 24 10.7 24 24v168h87.7c17.8 0 26.7 21.5 14.1 34.1L269.7 378.3c-7.5 7.5-19.8 7.5-27.3 0L90.1 226.1c-12.6-12.6-3.7-34.1 14.1-34.1H192V24c0-13.3 10.7-24 24-24zm296 376v112c0 13.3-10.7 24-24 24H24c-13.3 0-24-10.7-24-24V376c0-13.3 10.7-24 24-24h146.7l49 49c20.1 20.1 52.5 20.1 72.6 0l49-49H488c13.3 0 24 10.7 24 24zm-124 88c0-11-9-20-20-20s-20 9-20 20 9 20 20 20 20-9 20-20zm64 0c0-11-9-20-20-20s-20 9-20 20 9 20 20 20 20-9 20-20z\"><\/path><\/svg>\t\t\t<\/span>\n\t\t\t\t\t\t\t\t\t<span class=\"elementor-button-text\">CONFIDENTIALITY AGREEMENT<\/span>\n\t\t\t\t\t<\/span>\n\t\t\t\t\t<\/a>\n\t\t\t\t\t\t\t\t<\/div>\n\t\t\t\t<\/div>\n\t\t\t\t<\/div>\n\t\t\t\t<\/div>\n\t\t<div class=\"elementor-element elementor-element-9a277ac e-con-full e-flex e-con e-child\" data-id=\"9a277ac\" data-element_type=\"container\" data-e-type=\"container\">\n\t\t<div class=\"elementor-element elementor-element-11ca905 e-con-full e-flex e-con e-child\" data-id=\"11ca905\" data-element_type=\"container\" data-e-type=\"container\">\n\t\t\t\t<div class=\"elementor-element elementor-element-a3fa605 elementor-widget elementor-widget-image\" data-id=\"a3fa605\" data-element_type=\"widget\" data-e-type=\"widget\" data-widget_type=\"image.default\">\n\t\t\t\t\t\t\t\t\t\t\t\t\t\t\t<img decoding=\"async\" src=\"https:\/\/tmarc.pe\/wp-content\/uploads\/elementor\/thumbs\/Composicion-03-rci2ezlvvatxy00g0cm4p0kqvma54caoh6zaoolmy2.jpg\" title=\"Composicion 03\" alt=\"Composicion 03\" loading=\"lazy\" \/>\t\t\t\t\t\t\t\t\t\t\t\t\t\t\t<\/div>\n\t\t\t\t<\/div>\n\t\t\t\t<\/div>\n\t\t\t\t\t<\/div>\n\t\t\t\t<\/div>\n\t\t<div class=\"elementor-element elementor-element-31b0556 e-flex e-con-boxed e-con e-parent\" data-id=\"31b0556\" data-element_type=\"container\" data-e-type=\"container\">\n\t\t\t\t\t<div class=\"e-con-inner\">\n\t\t\t\t<div class=\"elementor-element elementor-element-b442e4a elementor-widget elementor-widget-heading\" data-id=\"b442e4a\" data-element_type=\"widget\" data-e-type=\"widget\" data-widget_type=\"heading.default\">\n\t\t\t\t\t<h2 class=\"elementor-heading-title elementor-size-default\">PROCEDIMIENTO PARA INCORPORACION A LA NOMINA DE ADJUDICADORES<\/h2>\t\t\t\t<\/div>\n\t\t\t\t<div class=\"elementor-element elementor-element-3cf8aa7 elementor-widget elementor-widget-text-editor\" data-id=\"3cf8aa7\" data-element_type=\"widget\" data-e-type=\"widget\" data-widget_type=\"text-editor.default\">\n\t\t\t\t\t\t\t\t\t<p>La admisi\u00f3n de nuevos adjudicadores en la n\u00f3mina institucional de TMARC CENTRO DE ARBITRAJE &amp; DISPUTE BOARDS se efectuar\u00e1 a trav\u00e9s de un procedimiento claro, ordenado y basado en el m\u00e9rito, en concordancia con las disposiciones internas del Centro y con los est\u00e1ndares aplicables en materia de contrataci\u00f3n p\u00fablica.<\/p><p>El proceso comienza con la publicaci\u00f3n de una convocatoria abierta en los canales oficiales, lo que asegura que todos los profesionales interesados puedan participar en igualdad de condiciones. Los candidatos deber\u00e1n remitir su curr\u00edculum y la documentaci\u00f3n que sustente su experiencia y formaci\u00f3n, los cuales ser\u00e1n revisados conforme a los requisitos previstos en el reglamento del Centro y a los par\u00e1metros contemplados en la Ley y Reglamento de Contrataciones del Estado.<\/p><p>Concluida la evaluaci\u00f3n curricular, el Consejo Superior resolver\u00e1 de manera fundamentada si corresponde o no la incorporaci\u00f3n del postulante a la n\u00f3mina institucional.<\/p><p>La aceptaci\u00f3n tendr\u00e1 una duraci\u00f3n de un (1) a\u00f1o calendario contado desde su designaci\u00f3n, extingui\u00e9ndose de forma autom\u00e1tica al cumplirse dicho plazo, salvo que se renueve expresamente en los t\u00e9rminos previstos por el reglamento aplicable.<\/p><p>\u00a0<\/p><p style=\"font-weight: 400;\"><strong>Art\u00edculo 329. Requisitos para ser adjudicadores en materia de contrataci\u00f3n p\u00fablica<\/strong><\/p><p style=\"font-weight: 400;\">329.1. Para ser adjudicador en materia de contrataci\u00f3n p\u00fablicas, se requiere lo siguiente:<\/p><p style=\"font-weight: 400;\"><span style=\"background-color: transparent;\">a) Formar parte de la n\u00f3mina de un centro de administraci\u00f3n de juntas de prevenci\u00f3n y resoluci\u00f3n de disputas que se encuentre en el REGAJU.<\/span><\/p><p style=\"font-weight: 400;\"><span style=\"background-color: transparent;\">(b) Comply with the requirements referred to in section 77.7 of the article 77 of the Law.<\/span><\/p><p style=\"font-weight: 400;\"><span style=\"background-color: transparent;\">c) No encontrarse impedidos para ser adjudicadores conforme lo se\u00f1alado en el art\u00edculo 327.<\/span><\/p><p style=\"font-weight: 400;\"><span style=\"background-color: transparent;\">d) En caso de obras, el adjudicador \u00fanico o al menos el adjudicador que preside la JPRD debe ser un ingeniero o arquitecto con experiencia acreditada como proyectista, adjudicador, supervisor o residente, y\/o con experiencia en gesti\u00f3n y\/o administraci\u00f3n contractual y\/o gesti\u00f3n de proyectos.<\/span><\/p><p style=\"font-weight: 400;\"><span style=\"background-color: transparent;\">e) En caso de contratos de suministro, el adjudicador \u00fanico o al menos uno de los adjudicadores de la JPRD debe contar con conocimiento y\/o experiencia en el sistema nacional de abastecimiento.<\/span><\/p><p style=\"font-weight: 400;\">329.2. Los centros de administraci\u00f3n de las juntas de prevenci\u00f3n y resoluci\u00f3n de disputas son responsables de acreditar estas competencias m\u00ednimas de los miembros que integran sus n\u00f3minas y publicarlo en sus plataformas de informaci\u00f3n, as\u00ed como en la Pladicop.<\/p><p>\u00a0<\/p>\t\t\t\t\t\t\t\t<\/div>\n\t\t\t\t\t<\/div>\n\t\t\t\t<\/div>\n\t\t\t\t<\/div>","protected":false},"excerpt":{"rendered":"<p>Requisitos Para Integrar la N\u00f3mina de Adjudicadores Art\u00edculo 77. Requisitos para integrar la N\u00f3mina de Adjudicadores El postulante que desee integrarse a la N\u00f3mina de Adjudicadores en contrataci\u00f3n p\u00fablica deber\u00e1 acreditar el cumplimiento de las siguientes condiciones: a) Presentar formalmente su solicitud de inscripci\u00f3n. b) Adjuntar su curr\u00edculum vitae debidamente sustentado, consignando t\u00edtulo profesional, grados [&hellip;]<\/p>","protected":false},"author":1,"featured_media":0,"parent":0,"menu_order":0,"comment_status":"closed","ping_status":"closed","template":"elementor_header_footer","meta":{"_joinchat":[],"footnotes":""},"class_list":["post-1909","page","type-page","status-publish","hentry"],"jetpack_sharing_enabled":true,"_links":{"self":[{"href":"https:\/\/tmarc.pe\/en\/wp-json\/wp\/v2\/pages\/1909","targetHints":{"allow":["GET"]}}],"collection":[{"href":"https:\/\/tmarc.pe\/en\/wp-json\/wp\/v2\/pages"}],"about":[{"href":"https:\/\/tmarc.pe\/en\/wp-json\/wp\/v2\/types\/page"}],"author":[{"embeddable":true,"href":"https:\/\/tmarc.pe\/en\/wp-json\/wp\/v2\/users\/1"}],"replies":[{"embeddable":true,"href":"https:\/\/tmarc.pe\/en\/wp-json\/wp\/v2\/comments?post=1909"}],"version-history":[{"count":37,"href":"https:\/\/tmarc.pe\/en\/wp-json\/wp\/v2\/pages\/1909\/revisions"}],"predecessor-version":[{"id":4582,"href":"https:\/\/tmarc.pe\/en\/wp-json\/wp\/v2\/pages\/1909\/revisions\/4582"}],"wp:attachment":[{"href":"https:\/\/tmarc.pe\/en\/wp-json\/wp\/v2\/media?parent=1909"}],"curies":[{"name":"wp","href":"https:\/\/api.w.org\/{rel}","templated":true}]}}