{"id":1851,"date":"2025-10-05T18:50:09","date_gmt":"2025-10-05T18:50:09","guid":{"rendered":"https:\/\/tmarc.pe\/?page_id=1851"},"modified":"2026-01-13T03:16:30","modified_gmt":"2026-01-13T03:16:30","slug":"requisitos-arbitraje","status":"publish","type":"page","link":"https:\/\/tmarc.pe\/en\/requisitos-arbitraje\/","title":{"rendered":"REQUISITOS ARBITRAJE"},"content":{"rendered":"<div data-elementor-type=\"wp-page\" data-elementor-id=\"1851\" class=\"elementor elementor-1851\" data-elementor-post-type=\"page\">\n\t\t\t\t<div class=\"elementor-element elementor-element-5db59eed e-flex e-con-boxed e-con e-parent\" data-id=\"5db59eed\" data-element_type=\"container\" data-e-type=\"container\" data-settings=\"{&quot;background_background&quot;:&quot;video&quot;,&quot;background_video_link&quot;:&quot;https:\\\/\\\/vimeo.com\\\/1133337143?share=copy&amp;fl=sv&amp;fe=ci&quot;}\">\n\t\t\t\t\t<div class=\"e-con-inner\">\n\t\t<div class=\"elementor-background-video-container elementor-hidden-mobile\">\n\t\t\t\t\t\t\t<div class=\"elementor-background-video-embed\" role=\"presentation\"><\/div>\n\t\t\t\t\t\t<\/div><div class=\"elementor-element elementor-element-2e57ca6e e-con-full premium-con-lq__glass5 e-flex e-con e-child\" data-id=\"2e57ca6e\" data-element_type=\"container\" data-e-type=\"container\" data-settings=\"{&quot;background_background&quot;:&quot;gradient&quot;,&quot;motion_fx_motion_fx_scrolling&quot;:&quot;yes&quot;,&quot;motion_fx_translateY_effect&quot;:&quot;yes&quot;,&quot;motion_fx_translateY_speed&quot;:{&quot;unit&quot;:&quot;px&quot;,&quot;size&quot;:1.5,&quot;sizes&quot;:[]},&quot;motion_fx_translateY_affectedRange&quot;:{&quot;unit&quot;:&quot;%&quot;,&quot;size&quot;:&quot;&quot;,&quot;sizes&quot;:{&quot;start&quot;:0,&quot;end&quot;:100}},&quot;motion_fx_devices&quot;:[&quot;desktop&quot;,&quot;laptop&quot;,&quot;tablet&quot;,&quot;mobile&quot;]}\">\n\t\t\t\t<div class=\"elementor-element elementor-element-45d4cb82 elementor-widget elementor-widget-image\" data-id=\"45d4cb82\" data-element_type=\"widget\" data-e-type=\"widget\" data-widget_type=\"image.default\">\n\t\t\t\t\t\t\t\t\t\t\t\t\t\t\t<img decoding=\"async\" src=\"https:\/\/tmarc.pe\/wp-content\/uploads\/2025\/10\/justice.json\" title=\"\" alt=\"\" loading=\"lazy\" \/>\t\t\t\t\t\t\t\t\t\t\t\t\t\t\t<\/div>\n\t\t\t\t<div class=\"elementor-element elementor-element-78a2ed8 premium-header-block elementor-widget__width-initial premium-lq__none premium-box-lq__none elementor-widget elementor-widget-premium-addon-dual-header\" data-id=\"78a2ed8\" data-element_type=\"widget\" data-e-type=\"widget\" data-widget_type=\"premium-addon-dual-header.default\">\n\t\t\t\t\t\n\t\t<div class=\"elementor-widget-container\">\n\t\t\t\t\t<h1 class=\"premium-dual-header-first-header\"><span class=\"premium-dual-header-first-span\">Requirements<br> <\/span><span class=\"premium-dual-header-second-header\">To<b><u> Integrate <\/u><\/b> the <b><u>Roster of Arbitrators<\/u><\/b> <\/span><\/h1> \t\t\t\t<\/div>\n\n\t\t\t\t\t\t<\/div>\n\t\t\t\t\t\n<hr class=\"e-divider-base\" data-interaction-id=\"8209e3c\" data-interactions=\"&#x5B;&#x5D;\"   \/>\n\t\t\t\t<div class=\"elementor-element elementor-element-846bdcd premium-lottie-svg elementor-widget elementor-widget-premium-lottie\" data-id=\"846bdcd\" data-element_type=\"widget\" data-e-type=\"widget\" data-settings=\"{&quot;lottie_file&quot;:{&quot;url&quot;:&quot;https:\\\/\\\/tmarc.pe\\\/wp-content\\\/uploads\\\/2025\\\/11\\\/Scroll-Down-Arrow.json&quot;,&quot;id&quot;:3050,&quot;size&quot;:&quot;&quot;,&quot;alt&quot;:&quot;&quot;,&quot;source&quot;:&quot;library&quot;}}\" data-widget_type=\"premium-lottie.default\">\n\t\t\t\t\t\r\n\t\t<div class=\"premium-lottie-animation\" data-lottie-url=\"https:\/\/tmarc.pe\/wp-content\/uploads\/2025\/11\/Scroll-Down-Arrow.json\" data-lottie-loop=\"true\" data-lottie-reverse=\"\" data-lottie-hover=\"\" data-lottie-speed=\"1\" data-lottie-render=\"svg\" data-lottie-delay=\"\">\r\n\t\t\t\t\t<\/div>\r\n\r\n\t\t\t\t\t\t<\/div>\n\t\t\t\t<\/div>\n\t\t\t\t\t<\/div>\n\t\t\t\t<\/div>\n\t\t<div class=\"elementor-element elementor-element-99bcacb e-grid e-con-boxed e-con e-parent\" data-id=\"99bcacb\" data-element_type=\"container\" data-e-type=\"container\">\n\t\t\t\t\t<div class=\"e-con-inner\">\n\t\t\t\t\t<\/div>\n\t\t\t\t<\/div>\n\t\t<div class=\"elementor-element elementor-element-74b4c8e e-flex e-con-boxed e-con e-parent\" data-id=\"74b4c8e\" data-element_type=\"container\" data-e-type=\"container\">\n\t\t\t\t\t<div class=\"e-con-inner\">\n\t\t\t\t<div class=\"elementor-element elementor-element-d35b1d5 elementor-widget elementor-widget-button\" data-id=\"d35b1d5\" data-element_type=\"widget\" data-e-type=\"widget\" data-widget_type=\"button.default\">\n\t\t\t\t\t\t\t\t\t\t<a class=\"elementor-button elementor-button-link elementor-size-sm\" href=\"\/en\/inicio\/\">\n\t\t\t\t\t\t<span class=\"elementor-button-content-wrapper\">\n\t\t\t\t\t\t<span class=\"elementor-button-icon\">\n\t\t\t\t<svg aria-hidden=\"true\" class=\"e-font-icon-svg e-fas-backspace\" viewbox=\"0 0 640 512\" xmlns=\"http:\/\/www.w3.org\/2000\/svg\"><path d=\"M576 64H205.26A63.97 63.97 0 0 0 160 82.75L9.37 233.37c-12.5 12.5-12.5 32.76 0 45.25L160 429.25c12 12 28.28 18.75 45.25 18.75H576c35.35 0 64-28.65 64-64V128c0-35.35-28.65-64-64-64zm-84.69 254.06c6.25 6.25 6.25 16.38 0 22.63l-22.62 22.62c-6.25 6.25-16.38 6.25-22.63 0L384 301.25l-62.06 62.06c-6.25 6.25-16.38 6.25-22.63 0l-22.62-22.62c-6.25-6.25-6.25-16.38 0-22.63L338.75 256l-62.06-62.06c-6.25-6.25-6.25-16.38 0-22.63l22.62-22.62c6.25-6.25 16.38-6.25 22.63 0L384 210.75l62.06-62.06c6.25-6.25 16.38-6.25 22.63 0l22.62 22.62c6.25 6.25 6.25 16.38 0 22.63L429.25 256l62.06 62.06z\"><\/path><\/svg>\t\t\t<\/span>\n\t\t\t\t\t\t\t\t\t<span class=\"elementor-button-text\">HOME<\/span>\n\t\t\t\t\t<\/span>\n\t\t\t\t\t<\/a>\n\t\t\t\t\t\t\t\t<\/div>\n\t\t\t\t\t<\/div>\n\t\t\t\t<\/div>\n\t\t<div class=\"elementor-element elementor-element-60d2979 e-flex e-con-boxed e-con e-parent\" data-id=\"60d2979\" data-element_type=\"container\" data-e-type=\"container\">\n\t\t\t\t\t<div class=\"e-con-inner\">\n\t\t\t\t<div class=\"elementor-element elementor-element-a1cefeb elementor-widget__width-initial elementor-widget elementor-widget-heading\" data-id=\"a1cefeb\" data-element_type=\"widget\" data-e-type=\"widget\" data-widget_type=\"heading.default\">\n\t\t\t\t\t<h2 class=\"elementor-heading-title elementor-size-default\">Requirements to integrate the Roster of Arbitrators <\/h2>\t\t\t\t<\/div>\n\t\t\t\t<div class=\"elementor-element elementor-element-f542b7c elementor-widget elementor-widget-text-editor\" data-id=\"f542b7c\" data-element_type=\"widget\" data-e-type=\"widget\" data-widget_type=\"text-editor.default\">\n\t\t\t\t\t\t\t\t\t<p style=\"text-align: left;\"><b>Article 70. Requirements to integrate the Roster of Arbitrators\u00a0<\/b><\/p><p style=\"text-align: left;\">The applicant who wishes to join the Roster of Arbitrators shall certify the compliance of the following conditions:<\/p><p style=\"text-align: left;\"><span style=\"background-color: transparent;\"><strong>(a)<\/strong> Formally submit your application for enrollment.<br \/><strong>(b)<\/strong> Attach your curriculum vitae duly supported, including professional title, academic degrees, awards, publications (books or articles), university teaching experience, as well as professional career general and specialized that supports your knowledge in dispute resolution mechanisms, or in public procurement linked to arbitration with the State.<\/span><\/p><p style=\"text-align: left;\"><strong>c)<\/strong> To prove the quality of a lawyer or other professional, by a copy of the certificate issued by local or foreign university, with the corresponding certificate of registration in SUNEDU.\u00a0<\/p><p style=\"text-align: left;\"><strong>d)<\/strong> Have at least three (3) years of professional practice, computed from the date of tuition.\u00a0<\/p><p style=\"text-align: left;\"><strong>(e)<\/strong> Do not register more than three (3) exceptions declared to be founded by any arbitral institution, in public procurement processes or other matters, within two (2) years previous.\u00a0<\/p><p style=\"text-align: left;\"><strong>f)<\/strong> Demonstrate training in public procurement, arbitration and administrative law applicable to arbitrators, which is accredited by a university licensed by SUNEDU, graduate school, or programs conducted in agreement with these institutions. In the case of applicants to arbitrators in public procurement, will comply, as a minimum, with the requirements provided for in the General Law of Public Procurement, Regulations and standards that replace and \/ or modify it.\u00a0<\/p><p style=\"text-align: left;\"><strong>g)<\/strong> Having completed a specialization course in contract execution of public works, construction management or related subjects, taught by college, graduate school licensed by SUNEDU or in agreement with these.\u00a0<\/p><p style=\"text-align: left;\"><strong>h)<\/strong> Accredit professional prestige, moral and ethical, by a Sworn Statement certifying does not have disciplinary proceedings pending or sanctions in force imposed by their professional association, or by some record of the State; also, do not be linked in publications or on social networks to acts of corruption or scandals.<\/p><p style=\"text-align: left;\"><strong>\u00a0(i)<\/strong> File an Affidavit of not having criminal records, court or police. In case it is detected falsehood or inaccuracy in the information provided, it shall automatically cancel the registration, communicating this fact to the vocational high school for the corresponding actions.<\/p><p style=\"text-align: left;\"><strong>\u00a0j)<\/strong> Be in full exercise of their civil rights.<\/p>\t\t\t\t\t\t\t\t<\/div>\n\t\t\t\t\t<\/div>\n\t\t\t\t<\/div>\n\t\t<div class=\"elementor-element elementor-element-756366c e-flex e-con-boxed e-con e-parent\" data-id=\"756366c\" data-element_type=\"container\" data-e-type=\"container\">\n\t\t\t\t\t<div class=\"e-con-inner\">\n\t\t<div class=\"elementor-element elementor-element-a0de83b e-con-full e-flex e-con e-child\" data-id=\"a0de83b\" data-element_type=\"container\" data-e-type=\"container\">\n\t\t<div class=\"elementor-element elementor-element-3a8fd34 e-con-full e-flex e-con e-child\" data-id=\"3a8fd34\" data-element_type=\"container\" data-e-type=\"container\">\n\t\t\t\t<div class=\"elementor-element elementor-element-a9153bd elementor-widget elementor-widget-heading\" data-id=\"a9153bd\" data-element_type=\"widget\" data-e-type=\"widget\" data-widget_type=\"heading.default\">\n\t\t\t\t\t<h2 class=\"elementor-heading-title elementor-size-default\">Start your incorporation to Referee<\/h2>\t\t\t\t<\/div>\n\t\t\t\t<div class=\"elementor-element elementor-element-45bf9ac elementor-widget elementor-widget-text-editor\" data-id=\"45bf9ac\" data-element_type=\"widget\" data-e-type=\"widget\" data-widget_type=\"text-editor.default\">\n\t\t\t\t\t\t\t\t\t<p class=\"text-gray-700 font-semibold self-start\">In order to apply to our list of Arbitrators must comply with the following documentation:<\/p>\t\t\t\t\t\t\t\t<\/div>\n\t\t<div class=\"elementor-element elementor-element-e3d7d46 e-con-full e-flex e-con e-child\" data-id=\"e3d7d46\" data-element_type=\"container\" data-e-type=\"container\">\n\t\t\t\t<div class=\"elementor-element elementor-element-5132082 elementor-widget__width-auto elementor-align-justify elementor-widget-laptop__width-initial elementor-widget elementor-widget-button\" data-id=\"5132082\" data-element_type=\"widget\" data-e-type=\"widget\" data-widget_type=\"button.default\">\n\t\t\t\t\t\t\t\t\t\t<a class=\"elementor-button elementor-button-link elementor-size-sm\" href=\"https:\/\/tmarc.pe\/wp-content\/uploads\/2025\/10\/1.-Solicitud-de-postulacion-a-Nomina-de-Arbitros-Tmarc.docx\">\n\t\t\t\t\t\t<span class=\"elementor-button-content-wrapper\">\n\t\t\t\t\t\t<span class=\"elementor-button-icon\">\n\t\t\t\t<svg aria-hidden=\"true\" class=\"e-font-icon-svg e-fas-download\" viewbox=\"0 0 512 512\" xmlns=\"http:\/\/www.w3.org\/2000\/svg\"><path d=\"M216 0h80c13.3 0 24 10.7 24 24v168h87.7c17.8 0 26.7 21.5 14.1 34.1L269.7 378.3c-7.5 7.5-19.8 7.5-27.3 0L90.1 226.1c-12.6-12.6-3.7-34.1 14.1-34.1H192V24c0-13.3 10.7-24 24-24zm296 376v112c0 13.3-10.7 24-24 24H24c-13.3 0-24-10.7-24-24V376c0-13.3 10.7-24 24-24h146.7l49 49c20.1 20.1 52.5 20.1 72.6 0l49-49H488c13.3 0 24 10.7 24 24zm-124 88c0-11-9-20-20-20s-20 9-20 20 9 20 20 20 20-9 20-20zm64 0c0-11-9-20-20-20s-20 9-20 20 9 20 20 20 20-9 20-20z\"><\/path><\/svg>\t\t\t<\/span>\n\t\t\t\t\t\t\t\t\t<span class=\"elementor-button-text\">application of incorporation<\/span>\n\t\t\t\t\t<\/span>\n\t\t\t\t\t<\/a>\n\t\t\t\t\t\t\t\t<\/div>\n\t\t\t\t<div class=\"elementor-element elementor-element-15f19db elementor-widget__width-auto elementor-align-justify elementor-widget-laptop__width-initial elementor-widget elementor-widget-button\" data-id=\"15f19db\" data-element_type=\"widget\" data-e-type=\"widget\" data-widget_type=\"button.default\">\n\t\t\t\t\t\t\t\t\t\t<a class=\"elementor-button elementor-button-link elementor-size-sm\" href=\"https:\/\/tmarc.pe\/wp-content\/uploads\/2025\/11\/2.-FICHA-DE-INSCRIPCION-DE-ARBITROS-TMARC-01-F-09-25-4.docx\">\n\t\t\t\t\t\t<span class=\"elementor-button-content-wrapper\">\n\t\t\t\t\t\t<span class=\"elementor-button-icon\">\n\t\t\t\t<svg aria-hidden=\"true\" class=\"e-font-icon-svg e-fas-download\" viewbox=\"0 0 512 512\" xmlns=\"http:\/\/www.w3.org\/2000\/svg\"><path d=\"M216 0h80c13.3 0 24 10.7 24 24v168h87.7c17.8 0 26.7 21.5 14.1 34.1L269.7 378.3c-7.5 7.5-19.8 7.5-27.3 0L90.1 226.1c-12.6-12.6-3.7-34.1 14.1-34.1H192V24c0-13.3 10.7-24 24-24zm296 376v112c0 13.3-10.7 24-24 24H24c-13.3 0-24-10.7-24-24V376c0-13.3 10.7-24 24-24h146.7l49 49c20.1 20.1 52.5 20.1 72.6 0l49-49H488c13.3 0 24 10.7 24 24zm-124 88c0-11-9-20-20-20s-20 9-20 20 9 20 20 20 20-9 20-20zm64 0c0-11-9-20-20-20s-20 9-20 20 9 20 20 20 20-9 20-20z\"><\/path><\/svg>\t\t\t<\/span>\n\t\t\t\t\t\t\t\t\t<span class=\"elementor-button-text\">tab of registration<\/span>\n\t\t\t\t\t<\/span>\n\t\t\t\t\t<\/a>\n\t\t\t\t\t\t\t\t<\/div>\n\t\t\t\t<div class=\"elementor-element elementor-element-c16c81d elementor-widget__width-auto elementor-align-justify elementor-widget-laptop__width-initial elementor-widget elementor-widget-button\" data-id=\"c16c81d\" data-element_type=\"widget\" data-e-type=\"widget\" data-widget_type=\"button.default\">\n\t\t\t\t\t\t\t\t\t\t<a class=\"elementor-button elementor-button-link elementor-size-sm\" href=\"https:\/\/tmarc.pe\/wp-content\/uploads\/2025\/11\/3.-Declaracion-Jurada-de-Antecedentes-Tmarc-ARBITRAJE.docx\">\n\t\t\t\t\t\t<span class=\"elementor-button-content-wrapper\">\n\t\t\t\t\t\t<span class=\"elementor-button-icon\">\n\t\t\t\t<svg aria-hidden=\"true\" class=\"e-font-icon-svg e-fas-download\" viewbox=\"0 0 512 512\" xmlns=\"http:\/\/www.w3.org\/2000\/svg\"><path d=\"M216 0h80c13.3 0 24 10.7 24 24v168h87.7c17.8 0 26.7 21.5 14.1 34.1L269.7 378.3c-7.5 7.5-19.8 7.5-27.3 0L90.1 226.1c-12.6-12.6-3.7-34.1 14.1-34.1H192V24c0-13.3 10.7-24 24-24zm296 376v112c0 13.3-10.7 24-24 24H24c-13.3 0-24-10.7-24-24V376c0-13.3 10.7-24 24-24h146.7l49 49c20.1 20.1 52.5 20.1 72.6 0l49-49H488c13.3 0 24 10.7 24 24zm-124 88c0-11-9-20-20-20s-20 9-20 20 9 20 20 20 20-9 20-20zm64 0c0-11-9-20-20-20s-20 9-20 20 9 20 20 20 20-9 20-20z\"><\/path><\/svg>\t\t\t<\/span>\n\t\t\t\t\t\t\t\t\t<span class=\"elementor-button-text\">SWORN STATEMENT<\/span>\n\t\t\t\t\t<\/span>\n\t\t\t\t\t<\/a>\n\t\t\t\t\t\t\t\t<\/div>\n\t\t\t\t<div class=\"elementor-element elementor-element-13ae668 elementor-widget__width-auto elementor-align-justify elementor-widget-laptop__width-initial elementor-widget elementor-widget-button\" data-id=\"13ae668\" data-element_type=\"widget\" data-e-type=\"widget\" data-widget_type=\"button.default\">\n\t\t\t\t\t\t\t\t\t\t<a class=\"elementor-button elementor-button-link elementor-size-sm\" href=\"https:\/\/tmarc.pe\/wp-content\/uploads\/2025\/11\/4.-Formato-de-Debida-Diligencia-para-29072025.docx\">\n\t\t\t\t\t\t<span class=\"elementor-button-content-wrapper\">\n\t\t\t\t\t\t<span class=\"elementor-button-icon\">\n\t\t\t\t<svg aria-hidden=\"true\" class=\"e-font-icon-svg e-fas-download\" viewbox=\"0 0 512 512\" xmlns=\"http:\/\/www.w3.org\/2000\/svg\"><path d=\"M216 0h80c13.3 0 24 10.7 24 24v168h87.7c17.8 0 26.7 21.5 14.1 34.1L269.7 378.3c-7.5 7.5-19.8 7.5-27.3 0L90.1 226.1c-12.6-12.6-3.7-34.1 14.1-34.1H192V24c0-13.3 10.7-24 24-24zm296 376v112c0 13.3-10.7 24-24 24H24c-13.3 0-24-10.7-24-24V376c0-13.3 10.7-24 24-24h146.7l49 49c20.1 20.1 52.5 20.1 72.6 0l49-49H488c13.3 0 24 10.7 24 24zm-124 88c0-11-9-20-20-20s-20 9-20 20 9 20 20 20 20-9 20-20zm64 0c0-11-9-20-20-20s-20 9-20 20 9 20 20 20 20-9 20-20z\"><\/path><\/svg>\t\t\t<\/span>\n\t\t\t\t\t\t\t\t\t<span class=\"elementor-button-text\">DUE DILIGENCE ROSTER OF ARBITRATORS<\/span>\n\t\t\t\t\t<\/span>\n\t\t\t\t\t<\/a>\n\t\t\t\t\t\t\t\t<\/div>\n\t\t\t\t<div class=\"elementor-element elementor-element-b44e49e elementor-widget__width-auto elementor-align-justify elementor-widget-laptop__width-initial elementor-widget elementor-widget-button\" data-id=\"b44e49e\" data-element_type=\"widget\" data-e-type=\"widget\" data-widget_type=\"button.default\">\n\t\t\t\t\t\t\t\t\t\t<a class=\"elementor-button elementor-button-link elementor-size-sm\" href=\"https:\/\/tmarc.pe\/wp-content\/uploads\/2025\/11\/5.-Acuerdo-de-confidencialidad-SOCIOS-DE-NEGOCIO-JPRD.docx\">\n\t\t\t\t\t\t<span class=\"elementor-button-content-wrapper\">\n\t\t\t\t\t\t<span class=\"elementor-button-icon\">\n\t\t\t\t<svg aria-hidden=\"true\" class=\"e-font-icon-svg e-fas-download\" viewbox=\"0 0 512 512\" xmlns=\"http:\/\/www.w3.org\/2000\/svg\"><path d=\"M216 0h80c13.3 0 24 10.7 24 24v168h87.7c17.8 0 26.7 21.5 14.1 34.1L269.7 378.3c-7.5 7.5-19.8 7.5-27.3 0L90.1 226.1c-12.6-12.6-3.7-34.1 14.1-34.1H192V24c0-13.3 10.7-24 24-24zm296 376v112c0 13.3-10.7 24-24 24H24c-13.3 0-24-10.7-24-24V376c0-13.3 10.7-24 24-24h146.7l49 49c20.1 20.1 52.5 20.1 72.6 0l49-49H488c13.3 0 24 10.7 24 24zm-124 88c0-11-9-20-20-20s-20 9-20 20 9 20 20 20 20-9 20-20zm64 0c0-11-9-20-20-20s-20 9-20 20 9 20 20 20 20-9 20-20z\"><\/path><\/svg>\t\t\t<\/span>\n\t\t\t\t\t\t\t\t\t<span class=\"elementor-button-text\">CONFIDENTIALITY AGREEMENT<\/span>\n\t\t\t\t\t<\/span>\n\t\t\t\t\t<\/a>\n\t\t\t\t\t\t\t\t<\/div>\n\t\t\t\t<\/div>\n\t\t\t\t<\/div>\n\t\t\t\t<\/div>\n\t\t<div class=\"elementor-element elementor-element-213469e e-con-full e-flex e-con e-child\" data-id=\"213469e\" data-element_type=\"container\" data-e-type=\"container\">\n\t\t<div class=\"elementor-element elementor-element-09e88db e-con-full e-flex e-con e-child\" data-id=\"09e88db\" data-element_type=\"container\" data-e-type=\"container\">\n\t\t\t\t<div class=\"elementor-element elementor-element-fe4b846 elementor-widget elementor-widget-image\" data-id=\"fe4b846\" data-element_type=\"widget\" data-e-type=\"widget\" data-widget_type=\"image.default\">\n\t\t\t\t\t\t\t\t\t\t\t\t\t\t\t<img fetchpriority=\"high\" decoding=\"async\" width=\"800\" height=\"548\" src=\"https:\/\/tmarc.pe\/wp-content\/uploads\/2025\/09\/Composicion-03-1024x701.jpg\" class=\"attachment-large size-large wp-image-1042\" alt=\"\" srcset=\"https:\/\/tmarc.pe\/wp-content\/uploads\/2025\/09\/Composicion-03-1024x701.jpg 1024w, https:\/\/tmarc.pe\/wp-content\/uploads\/2025\/09\/Composicion-03-300x205.jpg 300w, https:\/\/tmarc.pe\/wp-content\/uploads\/2025\/09\/Composicion-03-768x525.jpg 768w, https:\/\/tmarc.pe\/wp-content\/uploads\/2025\/09\/Composicion-03.jpg 1216w\" sizes=\"(max-width: 800px) 100vw, 800px\" \/>\t\t\t\t\t\t\t\t\t\t\t\t\t\t\t<\/div>\n\t\t\t\t<\/div>\n\t\t\t\t<\/div>\n\t\t\t\t\t<\/div>\n\t\t\t\t<\/div>\n\t\t<div class=\"elementor-element elementor-element-c3fd177 e-flex e-con-boxed e-con e-parent\" data-id=\"c3fd177\" data-element_type=\"container\" data-e-type=\"container\">\n\t\t\t\t\t<div class=\"e-con-inner\">\n\t\t\t\t<div class=\"elementor-element elementor-element-64c9c7a elementor-widget elementor-widget-heading\" data-id=\"64c9c7a\" data-element_type=\"widget\" data-e-type=\"widget\" data-widget_type=\"heading.default\">\n\t\t\t\t\t<h2 class=\"elementor-heading-title elementor-size-default\">THE PROCEDURE FOR INCORPORATION TO THE NOMINATION OF THE ARBITRATOR<\/h2>\t\t\t\t<\/div>\n\t\t\t\t<div class=\"elementor-element elementor-element-ee836f2 elementor-widget__width-initial elementor-widget elementor-widget-text-editor\" data-id=\"ee836f2\" data-element_type=\"widget\" data-e-type=\"widget\" data-widget_type=\"text-editor.default\">\n\t\t\t\t\t\t\t\t\t<p>The selection and incorporation of arbitrators of the payroll institutional TMARC CENTRE FOR ARBITRATION &amp; DISPUTE BOARDS responds to a process that seeks to ensure fairness, openness and the highest professional quality. This procedure is designed to promote meritocracy and transparency, ensuring that those who are incorporated to comply with the standards required by the practice of arbitration and, in his case, the public procurement.<\/p>\n<p>The first phase consists in the publication of an open call through the media officers of the institution, which allows all interested professionals to have the opportunity to participate on equal terms. Applicants must submit their resume accompanied by documentation proving your path, which will be evaluated according to the parameters defined in the Regulations of the Center. In the course of to apply to the payroll of public procurement, the evaluation will also focus the requirements provided for in the rules that regulate such subject matter.<\/p>\n<p style=\"font-weight: 400;\"><strong>Article 328. Requirements for arbitrators in the field of public procurement<\/strong><\/p>\n<p style=\"font-weight: 400;\">328.1. To be an arbitrator in the matter of recruitment to public, the following is required:<\/p><p style=\"font-weight: 400;\"><span style=\"background-color: transparent;\">(a) Form part of the payroll of an Arbitral Institution that is located in the REGAJU.<\/span><\/p><p style=\"font-weight: 400;\"><span style=\"background-color: transparent;\">(b) Comply with the requirements referred to in section 77.7 of the article 77 of the Law.<\/span><\/p><p style=\"font-weight: 400;\"><span style=\"background-color: transparent;\">c) Not be able to be arbitrators in accordance with what is stated in the article 327.<\/span><\/p>\n<p style=\"font-weight: 400;\">328.2. To be sole arbitrator or chairman of the arbitral tribunal is required that the professional lawyer has studies specialization in administrative law, arbitration, and public procurement. Each specialization can be accredited through studies completed doctoral or master's degree in relevant subjects, or courses, or postgraduate courses offered by universities or professional associations in each of the aforementioned subjects or credit to undergraduate teaching in those subjects, at least two years or four semesters, or two hundred and forty academic hours.<\/p>\n<p style=\"font-weight: 400;\">328.3. The parties may propose arbitrators different to those that form part of the payroll of the Arbitral Institution chosen, provided that they are a part of the payroll of an Arbitral Institution that is located in the REGAJU; in which case, the institution chosen by the parties can confirm or not the designation of the arbitrators made by the parties, giving the reasons for its decision. Such a decision can only be challenged by the referee before the higher court of arbitration of the Arbitral Institution.<\/p>\t\t\t\t\t\t\t\t<\/div>\n\t\t\t\t\t<\/div>\n\t\t\t\t<\/div>\n\t\t<div class=\"elementor-element elementor-element-57bee42 e-flex e-con-boxed e-con e-parent\" data-id=\"57bee42\" data-element_type=\"container\" data-e-type=\"container\">\n\t\t\t\t\t<div class=\"e-con-inner\">\n\t\t\t\t\t<\/div>\n\t\t\t\t<\/div>\n\t\t\t\t<\/div>","protected":false},"excerpt":{"rendered":"<p>Requisitos Para Integrar la N\u00f3mina de \u00c1rbitros INICIO Requisitos para integrar la N\u00f3mina de \u00c1rbitros Art\u00edculo 70. Requisitos para integrar la N\u00f3mina de \u00c1rbitros\u00a0 El postulante que desee integrarse a la N\u00f3mina de \u00c1rbitros deber\u00e1 acreditar el cumplimiento de las siguientes condiciones: a) Presentar formalmente su solicitud de inscripci\u00f3n.b) Adjuntar su curr\u00edculum vitae debidamente sustentado, [&hellip;]<\/p>","protected":false},"author":1,"featured_media":0,"parent":0,"menu_order":0,"comment_status":"closed","ping_status":"closed","template":"elementor_header_footer","meta":{"_joinchat":[],"footnotes":""},"class_list":["post-1851","page","type-page","status-publish","hentry"],"jetpack_sharing_enabled":true,"_links":{"self":[{"href":"https:\/\/tmarc.pe\/en\/wp-json\/wp\/v2\/pages\/1851","targetHints":{"allow":["GET"]}}],"collection":[{"href":"https:\/\/tmarc.pe\/en\/wp-json\/wp\/v2\/pages"}],"about":[{"href":"https:\/\/tmarc.pe\/en\/wp-json\/wp\/v2\/types\/page"}],"author":[{"embeddable":true,"href":"https:\/\/tmarc.pe\/en\/wp-json\/wp\/v2\/users\/1"}],"replies":[{"embeddable":true,"href":"https:\/\/tmarc.pe\/en\/wp-json\/wp\/v2\/comments?post=1851"}],"version-history":[{"count":53,"href":"https:\/\/tmarc.pe\/en\/wp-json\/wp\/v2\/pages\/1851\/revisions"}],"predecessor-version":[{"id":4573,"href":"https:\/\/tmarc.pe\/en\/wp-json\/wp\/v2\/pages\/1851\/revisions\/4573"}],"wp:attachment":[{"href":"https:\/\/tmarc.pe\/en\/wp-json\/wp\/v2\/media?parent=1851"}],"curies":[{"name":"wp","href":"https:\/\/api.w.org\/{rel}","templated":true}]}}