{"id":1637,"date":"2025-10-05T05:42:42","date_gmt":"2025-10-05T05:42:42","guid":{"rendered":"https:\/\/tmarc.pe\/?page_id=1637"},"modified":"2025-11-03T02:06:35","modified_gmt":"2025-11-03T02:06:35","slug":"clausula-de-solucion-de-controversias","status":"publish","type":"page","link":"https:\/\/tmarc.pe\/en\/clausula-de-solucion-de-controversias\/","title":{"rendered":"cl\u00e1usula de soluci\u00f3n de controversias"},"content":{"rendered":"<div data-elementor-type=\"wp-page\" data-elementor-id=\"1637\" class=\"elementor elementor-1637\" data-elementor-post-type=\"page\">\n\t\t\t\t\t\t\t\t<div class=\"premium-shape-divider__shape-container\" id=\"premium-shape-divider-7205106\" style=\"visibility:hidden; position: absolute; opacity:0;\">\r\n\t\t\t\t\t<svg xmlns='http:\/\/www.w3.org\/2000\/svg' aria-hidden='true' viewbox='0 0 35.28 2.17' preserveaspectratio='none'><path d='M35.28 1.67c-3.07-.55-9.27.41-16.15 0-6.87-.4-13.74-.58-19.13.1v.4h35.28z' fill='%23fbd8c2'\/><path d='M35.28 1.16c-3.17-.8-7.3.4-10.04.56-2.76.17-9.25-1.47-12.68-1.3-3.42.16-4.64.84-7.04.86C3.12 1.31 0 .4 0 .4v1.77h35.28z' opacity='.5' fill='%23fbd8c2'\/><path d='M35.28.31c-2.57.84-7.68.3-11.8.43-4.1.12-6.85.61-9.57.28C11.18.69 8.3-.16 5.3.02 2.3.22.57.85 0 .87v1.2h35.28z' opacity='.5' fill='%23fbd8c2'\/><\/svg>\t\t\t\t<\/div>\r\n\t\t\t<div class=\"elementor-element elementor-element-7205106 premium-shape-divider-yes premium-shape20 e-flex e-con-boxed premium-shape-divider__default premium-shape-divider-anime-yes e-con e-parent\" data-id=\"7205106\" data-element_type=\"container\" data-e-type=\"container\" data-settings=\"{&quot;background_background&quot;:&quot;classic&quot;}\">\n\t\t\t\t\t<div class=\"e-con-inner\">\n\t\t\t\t<div class=\"elementor-element elementor-element-ad15402 premium-header-block premium-lq__none premium-box-lq__none elementor-widget elementor-widget-premium-addon-dual-header\" data-id=\"ad15402\" data-element_type=\"widget\" data-e-type=\"widget\" data-widget_type=\"premium-addon-dual-header.default\">\n\t\t\t\t\t\n\t\t<div class=\"elementor-widget-container\">\n\t\t\t\t\t<h1 class=\"premium-dual-header-first-header\"><span class=\"premium-dual-header-first-span\">Stipulations <\/span><span class=\"premium-dual-header-second-header\">Settlement of Disputes<\/span><\/h1> \t\t\t\t<\/div>\n\n\t\t\t\t\t\t<\/div>\n\t\t\t\t<div class=\"elementor-element elementor-element-8238893 elementor-widget__width-initial premium-lq__none elementor-widget elementor-widget-premium-addon-button\" data-id=\"8238893\" data-element_type=\"widget\" data-e-type=\"widget\" data-widget_type=\"premium-addon-button.default\">\n\t\t\t\t\t\r\n\r\n\t\t<a class=\"premium-button premium-button-none premium-btn-lg premium-button-none\" href=\"https:\/\/tmarc.pe\/en\/sistema-de-mesa-virtual\/\">\r\n\t\t\t<div class=\"premium-button-text-icon-wrapper\">\r\n\t\t\t\t\r\n\t\t\t\t\t\t\t\t\t<span >\r\n\t\t\t\t\t\tSTART APPLICATION\t\t\t\t\t<\/span>\r\n\t\t\t\t\t\t\t<\/div>\r\n\r\n\t\t\t\r\n\t\t\t\r\n\t\t\t\r\n\t\t<\/a>\r\n\r\n\r\n\t\t\t\t\t\t<\/div>\n\t\t\t\t<div class=\"elementor-element elementor-element-6ed2d6b elementor-widget elementor-widget-spacer\" data-id=\"6ed2d6b\" data-element_type=\"widget\" data-e-type=\"widget\" data-widget_type=\"spacer.default\">\n\t\t\t\t\t\t\t<div class=\"elementor-spacer\">\n\t\t\t<div class=\"elementor-spacer-inner\"><\/div>\n\t\t<\/div>\n\t\t\t\t\t\t<\/div>\n\t\t\t\t<div class=\"elementor-element elementor-element-d06e487 premium-lottie-svg elementor-widget elementor-widget-premium-lottie\" data-id=\"d06e487\" data-element_type=\"widget\" data-e-type=\"widget\" data-settings=\"{&quot;lottie_file&quot;:{&quot;url&quot;:&quot;https:\\\/\\\/tmarc.pe\\\/wp-content\\\/uploads\\\/2025\\\/11\\\/Scroll-Down-Arrow.json&quot;,&quot;id&quot;:3050,&quot;size&quot;:&quot;&quot;,&quot;alt&quot;:&quot;&quot;,&quot;source&quot;:&quot;library&quot;}}\" data-widget_type=\"premium-lottie.default\">\n\t\t\t\t\t\r\n\t\t<div class=\"premium-lottie-animation\" data-lottie-url=\"https:\/\/tmarc.pe\/wp-content\/uploads\/2025\/11\/Scroll-Down-Arrow.json\" data-lottie-loop=\"true\" data-lottie-reverse=\"\" data-lottie-hover=\"\" data-lottie-speed=\"1\" data-lottie-render=\"svg\" data-lottie-delay=\"\">\r\n\t\t\t\t\t<\/div>\r\n\r\n\t\t\t\t\t\t<\/div>\n\t\t\t\t\t<\/div>\n\t\t\t\t<\/div>\n\t\t<div class=\"elementor-element elementor-element-af4108f e-flex e-con-boxed e-con e-parent\" data-id=\"af4108f\" data-element_type=\"container\" data-e-type=\"container\">\n\t\t\t\t\t<div class=\"e-con-inner\">\n\t\t\t\t<div class=\"elementor-element elementor-element-d80a3e9 premium-lq__glass5 pa-icon-pos-before elementor-widget elementor-widget-premium-addon-button\" data-id=\"d80a3e9\" data-element_type=\"widget\" data-e-type=\"widget\" data-widget_type=\"premium-addon-button.default\">\n\t\t\t\t\t\r\n\r\n\t\t<a class=\"elementor-invisible premium-drawer-hover premium-button premium-button-style8 premium-btn-lg premium-button-line2\" data-text=\"Inicio\" href=\"https:\/\/tmarc.pe\/en\/\">\r\n\t\t\t<div class=\"premium-button-text-icon-wrapper\">\r\n\t\t\t\t\r\n\t\t\t\t\t\t\t\t\t\t\t\t\t\t\t\t\t\t<svg class=\"svg-inline--fas-fa-backward premium-drawable-icon premium-svg-drawer\" data-svg-reverse=\"true\" data-svg-loop=\"true\" data-svg-sync=\"\" data-svg-hover=\"\" data-svg-fill=\"#D6B30D\" data-svg-frames=\"5\" data-svg-yoyo=\"yes\" data-svg-point=\"0\" aria-hidden='true' xmlns='http:\/\/www.w3.org\/2000\/svg' viewbox='0 0 512 512'><path d=\"M11.5 280.6l192 160c20.6 17.2 52.5 2.8 52.5-24.6V96c0-27.4-31.9-41.8-52.5-24.6l-192 160c-15.3 12.8-15.3 36.4 0 49.2zm256 0l192 160c20.6 17.2 52.5 2.8 52.5-24.6V96c0-27.4-31.9-41.8-52.5-24.6l-192 160c-15.3 12.8-15.3 36.4 0 49.2z\"><\/path><\/svg>\t\t\t\t\t\t\t\t\t\t\t\t\t\t\t\r\n\t\t\t\t\t\t\t\t\t<span >\r\n\t\t\t\t\t\tHome\t\t\t\t\t<\/span>\r\n\t\t\t\t\t\t\t<\/div>\r\n\r\n\t\t\t\r\n\t\t\t\r\n\t\t\t\t\t\t\t\t\t\t\r\n\t\t<\/a>\r\n\r\n\r\n\t\t\t\t\t\t<\/div>\n\t\t\t\t<div class=\"elementor-element elementor-element-e28b7d1 elementor-widget elementor-widget-text-editor\" data-id=\"e28b7d1\" data-element_type=\"widget\" data-e-type=\"widget\" data-widget_type=\"text-editor.default\">\n\t\t\t\t\t\t\t\t\t<p style=\"text-align: left;\">In the case of public contracts, the Law of Contracts of the State requires that disputes in the stage of execution of the contract is settled by conciliation or arbitration, and the parties can go to the JRD under certain conditions, therefore, the contracting parties may incorporate in its contracts the clause of arbitration and of the Board of Prevention and Resolution of Disputes (JPRD)<\/p>\t\t\t\t\t\t\t\t<\/div>\n\t\t<div class=\"elementor-element elementor-element-f50240a e-con-full e-flex e-con e-child\" data-id=\"f50240a\" data-element_type=\"container\" data-e-type=\"container\">\n\t\t<div class=\"elementor-element elementor-element-e7de69c e-grid e-con-full e-con e-child\" data-id=\"e7de69c\" data-element_type=\"container\" data-e-type=\"container\">\n\t\t<div class=\"elementor-element elementor-element-dffd4d9 e-con-full e-flex e-con e-child\" data-id=\"dffd4d9\" data-element_type=\"container\" data-e-type=\"container\">\n\t\t\t\t<div class=\"elementor-element elementor-element-9e6ead8 elementor-widget elementor-widget-heading\" data-id=\"9e6ead8\" data-element_type=\"widget\" data-e-type=\"widget\" data-widget_type=\"heading.default\">\n\t\t\t\t\t<h2 class=\"elementor-heading-title elementor-size-default\">Arbitration provision<\/h2>\t\t\t\t<\/div>\n\t\t\t\t<div class=\"elementor-element elementor-element-79a1d3f elementor-widget elementor-widget-text-editor\" data-id=\"79a1d3f\" data-element_type=\"widget\" data-e-type=\"widget\" data-widget_type=\"text-editor.default\">\n\t\t\t\t\t\t\t\t\t<p>In accordance with paragraph (d) of section 226.2 of article 226 of the Regulation of the Law of Contracts of the State, when the arbitration agreement is not subject to the type of arbitration, the arbitration is started before any arbitral institution national.<\/p>\t\t\t\t\t\t\t\t<\/div>\n\t\t\t\t<div class=\"elementor-element elementor-element-9a4a3d2 elementor-widget elementor-widget-button\" data-id=\"9a4a3d2\" data-element_type=\"widget\" data-e-type=\"widget\" data-widget_type=\"button.default\">\n\t\t\t\t\t\t\t\t\t\t<a class=\"elementor-button elementor-button-link elementor-size-sm\" href=\"https:\/\/tmarc.pe\/wp-content\/uploads\/2025\/11\/Clausula-Arbitral-de-Tmarc.pdf\">\n\t\t\t\t\t\t<span class=\"elementor-button-content-wrapper\">\n\t\t\t\t\t\t<span class=\"elementor-button-icon\">\n\t\t\t\t<svg aria-hidden=\"true\" class=\"e-font-icon-svg e-fas-download\" viewbox=\"0 0 512 512\" xmlns=\"http:\/\/www.w3.org\/2000\/svg\"><path d=\"M216 0h80c13.3 0 24 10.7 24 24v168h87.7c17.8 0 26.7 21.5 14.1 34.1L269.7 378.3c-7.5 7.5-19.8 7.5-27.3 0L90.1 226.1c-12.6-12.6-3.7-34.1 14.1-34.1H192V24c0-13.3 10.7-24 24-24zm296 376v112c0 13.3-10.7 24-24 24H24c-13.3 0-24-10.7-24-24V376c0-13.3 10.7-24 24-24h146.7l49 49c20.1 20.1 52.5 20.1 72.6 0l49-49H488c13.3 0 24 10.7 24 24zm-124 88c0-11-9-20-20-20s-20 9-20 20 9 20 20 20 20-9 20-20zm64 0c0-11-9-20-20-20s-20 9-20 20 9 20 20 20 20-9 20-20z\"><\/path><\/svg>\t\t\t<\/span>\n\t\t\t\t\t\t\t\t\t<span class=\"elementor-button-text\">Download<\/span>\n\t\t\t\t\t<\/span>\n\t\t\t\t\t<\/a>\n\t\t\t\t\t\t\t\t<\/div>\n\t\t\t\t<div class=\"elementor-element elementor-element-3a3f9f7 elementor-widget elementor-widget-heading\" data-id=\"3a3f9f7\" data-element_type=\"widget\" data-e-type=\"widget\" data-widget_type=\"heading.default\">\n\t\t\t\t\t<h2 class=\"elementor-heading-title elementor-size-default\">Clause of Board of Prevention and Resolution of Disputes<\/h2>\t\t\t\t<\/div>\n\t\t\t\t<div class=\"elementor-element elementor-element-34aa3a7 elementor-widget elementor-widget-text-editor\" data-id=\"34aa3a7\" data-element_type=\"widget\" data-e-type=\"widget\" data-widget_type=\"text-editor.default\">\n\t\t\t\t\t\t\t\t\t<p>The article 346.1 of the Regulation of the General Law of Public Procurement provides that the Boards of Prevention and Resolution of Disputes (JPRD) are mandatory in the case of works contracts whose amounts are greater than or equal to 10 million suns.<\/p><p>The conformation of the JPRD is mandatory and is a prerequisite to start the execution of the contract, especially in the case of works contracts.<\/p>\t\t\t\t\t\t\t\t<\/div>\n\t\t\t\t<div class=\"elementor-element elementor-element-d4af666 elementor-widget elementor-widget-button\" data-id=\"d4af666\" data-element_type=\"widget\" data-e-type=\"widget\" data-widget_type=\"button.default\">\n\t\t\t\t\t\t\t\t\t\t<a class=\"elementor-button elementor-button-link elementor-size-sm\" href=\"https:\/\/tmarc.pe\/wp-content\/uploads\/2025\/11\/Clausula-de-JPRD-Tmarc.pdf\">\n\t\t\t\t\t\t<span class=\"elementor-button-content-wrapper\">\n\t\t\t\t\t\t<span class=\"elementor-button-icon\">\n\t\t\t\t<svg aria-hidden=\"true\" class=\"e-font-icon-svg e-fas-download\" viewbox=\"0 0 512 512\" xmlns=\"http:\/\/www.w3.org\/2000\/svg\"><path d=\"M216 0h80c13.3 0 24 10.7 24 24v168h87.7c17.8 0 26.7 21.5 14.1 34.1L269.7 378.3c-7.5 7.5-19.8 7.5-27.3 0L90.1 226.1c-12.6-12.6-3.7-34.1 14.1-34.1H192V24c0-13.3 10.7-24 24-24zm296 376v112c0 13.3-10.7 24-24 24H24c-13.3 0-24-10.7-24-24V376c0-13.3 10.7-24 24-24h146.7l49 49c20.1 20.1 52.5 20.1 72.6 0l49-49H488c13.3 0 24 10.7 24 24zm-124 88c0-11-9-20-20-20s-20 9-20 20 9 20 20 20 20-9 20-20zm64 0c0-11-9-20-20-20s-20 9-20 20 9 20 20 20 20-9 20-20z\"><\/path><\/svg>\t\t\t<\/span>\n\t\t\t\t\t\t\t\t\t<span class=\"elementor-button-text\">Download<\/span>\n\t\t\t\t\t<\/span>\n\t\t\t\t\t<\/a>\n\t\t\t\t\t\t\t\t<\/div>\n\t\t\t\t<\/div>\n\t\t<div class=\"elementor-element elementor-element-df73ac6 e-con-full e-flex e-con e-child\" data-id=\"df73ac6\" data-element_type=\"container\" data-e-type=\"container\">\n\t\t\t\t<div class=\"elementor-element elementor-element-a96d798 elementor-widget elementor-widget-video\" data-id=\"a96d798\" data-element_type=\"widget\" data-e-type=\"widget\" data-settings=\"{&quot;youtube_url&quot;:&quot;https:\\\/\\\/www.youtube.com\\\/watch?v=XHOmBV4js_E&quot;,&quot;video_type&quot;:&quot;youtube&quot;,&quot;controls&quot;:&quot;yes&quot;}\" data-widget_type=\"video.default\">\n\t\t\t\t\t\t\t<div class=\"elementor-wrapper elementor-open-inline\">\n\t\t\t<div class=\"elementor-video\"><\/div>\t\t<\/div>\n\t\t\t\t\t\t<\/div>\n\t\t\t\t<\/div>\n\t\t\t\t<\/div>\n\t\t\t\t<\/div>\n\t\t\t\t\t<\/div>\n\t\t\t\t<\/div>\n\t\t\t\t<section class=\"elementor-section elementor-top-section elementor-element elementor-element-d32cdc2 elementor-section-height-min-height elementor-section-boxed elementor-section-height-default elementor-section-items-middle\" data-id=\"d32cdc2\" data-element_type=\"section\" data-e-type=\"section\" data-settings=\"{&quot;background_background&quot;:&quot;classic&quot;}\">\n\t\t\t\t\t\t<div class=\"elementor-container elementor-column-gap-default\">\n\t\t\t\t\t<div class=\"elementor-column elementor-col-100 elementor-top-column elementor-element elementor-element-e65f6e1\" data-id=\"e65f6e1\" data-element_type=\"column\" data-e-type=\"column\" data-settings=\"{&quot;background_background&quot;:&quot;classic&quot;}\">\n\t\t\t<div class=\"elementor-widget-wrap elementor-element-populated\">\n\t\t\t\t\t\t<div class=\"elementor-element elementor-element-7f49ce9 elementor-widget__width-initial elementor-widget elementor-widget-heading\" data-id=\"7f49ce9\" data-element_type=\"widget\" data-e-type=\"widget\" data-widget_type=\"heading.default\">\n\t\t\t\t\t<h2 class=\"elementor-heading-title elementor-size-default\">DO YOU WANT TO JOIN OUR PAYROLL?<\/h2>\t\t\t\t<\/div>\n\t\t\t\t<div class=\"elementor-element elementor-element-770fabd elementor-align-center elementor-widget__width-initial elementor-widget elementor-widget-button\" data-id=\"770fabd\" data-element_type=\"widget\" data-e-type=\"widget\" data-widget_type=\"button.default\">\n\t\t\t\t\t\t\t\t\t\t<a class=\"elementor-button elementor-button-link elementor-size-sm\" href=\"https:\/\/tmarc.pe\/en\/requisitos-arbitraje\/\">\n\t\t\t\t\t\t<span class=\"elementor-button-content-wrapper\">\n\t\t\t\t\t\t<span class=\"elementor-button-icon\">\n\t\t\t\t<svg aria-hidden=\"true\" class=\"e-font-icon-svg e-fas-external-link-alt\" viewbox=\"0 0 512 512\" xmlns=\"http:\/\/www.w3.org\/2000\/svg\"><path d=\"M432,320H400a16,16,0,0,0-16,16V448H64V128H208a16,16,0,0,0,16-16V80a16,16,0,0,0-16-16H48A48,48,0,0,0,0,112V464a48,48,0,0,0,48,48H400a48,48,0,0,0,48-48V336A16,16,0,0,0,432,320ZM488,0h-128c-21.37,0-32.05,25.91-17,41l35.73,35.73L135,320.37a24,24,0,0,0,0,34L157.67,377a24,24,0,0,0,34,0L435.28,133.32,471,169c15,15,41,4.5,41-17V24A24,24,0,0,0,488,0Z\"><\/path><\/svg>\t\t\t<\/span>\n\t\t\t\t\t\t\t\t\t<span class=\"elementor-button-text\">REFEREE<\/span>\n\t\t\t\t\t<\/span>\n\t\t\t\t\t<\/a>\n\t\t\t\t\t\t\t\t<\/div>\n\t\t\t\t<div class=\"elementor-element elementor-element-296da84 elementor-align-right elementor-widget__width-initial elementor-widget elementor-widget-button\" data-id=\"296da84\" data-element_type=\"widget\" data-e-type=\"widget\" data-widget_type=\"button.default\">\n\t\t\t\t\t\t\t\t\t\t<a class=\"elementor-button elementor-button-link elementor-size-sm\" href=\"https:\/\/tmarc.pe\/en\/REQUISITOS-ADJUDICADORES\/\">\n\t\t\t\t\t\t<span class=\"elementor-button-content-wrapper\">\n\t\t\t\t\t\t<span class=\"elementor-button-icon\">\n\t\t\t\t<svg aria-hidden=\"true\" class=\"e-font-icon-svg e-fas-external-link-alt\" viewbox=\"0 0 512 512\" xmlns=\"http:\/\/www.w3.org\/2000\/svg\"><path d=\"M432,320H400a16,16,0,0,0-16,16V448H64V128H208a16,16,0,0,0,16-16V80a16,16,0,0,0-16-16H48A48,48,0,0,0,0,112V464a48,48,0,0,0,48,48H400a48,48,0,0,0,48-48V336A16,16,0,0,0,432,320ZM488,0h-128c-21.37,0-32.05,25.91-17,41l35.73,35.73L135,320.37a24,24,0,0,0,0,34L157.67,377a24,24,0,0,0,34,0L435.28,133.32,471,169c15,15,41,4.5,41-17V24A24,24,0,0,0,488,0Z\"><\/path><\/svg>\t\t\t<\/span>\n\t\t\t\t\t\t\t\t\t<span class=\"elementor-button-text\">CONTRACTING<\/span>\n\t\t\t\t\t<\/span>\n\t\t\t\t\t<\/a>\n\t\t\t\t\t\t\t\t<\/div>\n\t\t\t\t\t<\/div>\n\t\t<\/div>\n\t\t\t\t\t<\/div>\n\t\t<\/section>\n\t\t\t\t<\/div>","protected":false},"excerpt":{"rendered":"<p>Cla\u00fasulas de Soluci\u00f3n de Controversias INICIAR SOLICITUD Inicio En el caso de contratos p\u00fablicos, la Ley de Contrataciones del Estado exige que las controversias en la etapa de ejecuci\u00f3n contractual se resuelvan mediante conciliaci\u00f3n o arbitraje, y las partes pueden acudir a la JRD bajo ciertas condiciones, por ello las partes contratantes pueden incorporar en [&hellip;]<\/p>","protected":false},"author":1,"featured_media":0,"parent":0,"menu_order":0,"comment_status":"closed","ping_status":"closed","template":"elementor_header_footer","meta":{"_joinchat":[],"footnotes":""},"class_list":["post-1637","page","type-page","status-publish","hentry"],"jetpack_sharing_enabled":true,"_links":{"self":[{"href":"https:\/\/tmarc.pe\/en\/wp-json\/wp\/v2\/pages\/1637","targetHints":{"allow":["GET"]}}],"collection":[{"href":"https:\/\/tmarc.pe\/en\/wp-json\/wp\/v2\/pages"}],"about":[{"href":"https:\/\/tmarc.pe\/en\/wp-json\/wp\/v2\/types\/page"}],"author":[{"embeddable":true,"href":"https:\/\/tmarc.pe\/en\/wp-json\/wp\/v2\/users\/1"}],"replies":[{"embeddable":true,"href":"https:\/\/tmarc.pe\/en\/wp-json\/wp\/v2\/comments?post=1637"}],"version-history":[{"count":16,"href":"https:\/\/tmarc.pe\/en\/wp-json\/wp\/v2\/pages\/1637\/revisions"}],"predecessor-version":[{"id":3134,"href":"https:\/\/tmarc.pe\/en\/wp-json\/wp\/v2\/pages\/1637\/revisions\/3134"}],"wp:attachment":[{"href":"https:\/\/tmarc.pe\/en\/wp-json\/wp\/v2\/media?parent=1637"}],"curies":[{"name":"wp","href":"https:\/\/api.w.org\/{rel}","templated":true}]}}