{"id":1627,"date":"2025-10-05T05:36:28","date_gmt":"2025-10-05T05:36:28","guid":{"rendered":"https:\/\/tmarc.pe\/?page_id=1627"},"modified":"2025-10-05T05:40:34","modified_gmt":"2025-10-05T05:40:34","slug":"politica-y-privacidad","status":"publish","type":"page","link":"https:\/\/tmarc.pe\/en\/politica-y-privacidad\/","title":{"rendered":"Politica y privacidad"},"content":{"rendered":"<div data-elementor-type=\"wp-page\" data-elementor-id=\"1627\" class=\"elementor elementor-1627\" data-elementor-post-type=\"page\">\n\t\t\t\t<div class=\"elementor-element elementor-element-b098ea6 e-flex e-con-boxed e-con e-parent\" data-id=\"b098ea6\" data-element_type=\"container\" data-e-type=\"container\">\n\t\t\t\t\t<div class=\"e-con-inner\">\n\t\t<div class=\"elementor-element elementor-element-c855e3e e-con-full e-flex e-con e-child\" data-id=\"c855e3e\" data-element_type=\"container\" data-e-type=\"container\">\n\t\t\t\t<div class=\"elementor-element elementor-element-36576ee elementor-widget elementor-widget-button\" data-id=\"36576ee\" data-element_type=\"widget\" data-e-type=\"widget\" data-widget_type=\"button.default\">\n\t\t\t\t\t\t\t\t\t\t<a class=\"elementor-button elementor-button-link elementor-size-sm\" href=\"\/en\/INICIO\/\">\n\t\t\t\t\t\t<span class=\"elementor-button-content-wrapper\">\n\t\t\t\t\t\t<span class=\"elementor-button-icon\">\n\t\t\t\t<svg aria-hidden=\"true\" class=\"e-font-icon-svg e-fas-backspace\" viewbox=\"0 0 640 512\" xmlns=\"http:\/\/www.w3.org\/2000\/svg\"><path d=\"M576 64H205.26A63.97 63.97 0 0 0 160 82.75L9.37 233.37c-12.5 12.5-12.5 32.76 0 45.25L160 429.25c12 12 28.28 18.75 45.25 18.75H576c35.35 0 64-28.65 64-64V128c0-35.35-28.65-64-64-64zm-84.69 254.06c6.25 6.25 6.25 16.38 0 22.63l-22.62 22.62c-6.25 6.25-16.38 6.25-22.63 0L384 301.25l-62.06 62.06c-6.25 6.25-16.38 6.25-22.63 0l-22.62-22.62c-6.25-6.25-6.25-16.38 0-22.63L338.75 256l-62.06-62.06c-6.25-6.25-6.25-16.38 0-22.63l22.62-22.62c6.25-6.25 16.38-6.25 22.63 0L384 210.75l62.06-62.06c6.25-6.25 16.38-6.25 22.63 0l22.62 22.62c6.25 6.25 6.25 16.38 0 22.63L429.25 256l62.06 62.06z\"><\/path><\/svg>\t\t\t<\/span>\n\t\t\t\t\t\t\t\t\t<span class=\"elementor-button-text\">HOME<\/span>\n\t\t\t\t\t<\/span>\n\t\t\t\t\t<\/a>\n\t\t\t\t\t\t\t\t<\/div>\n\t\t\t\t<div class=\"elementor-element elementor-element-a30c36f elementor-widget elementor-widget-heading\" data-id=\"a30c36f\" data-element_type=\"widget\" data-e-type=\"widget\" data-widget_type=\"heading.default\">\n\t\t\t\t\t<h2 class=\"elementor-heading-title elementor-size-default\">POLITICA Y PRIVACIDAD<\/h2>\t\t\t\t<\/div>\n\t\t\t\t<div class=\"elementor-element elementor-element-7ff9f4a elementor-widget elementor-widget-text-editor\" data-id=\"7ff9f4a\" data-element_type=\"widget\" data-e-type=\"widget\" data-widget_type=\"text-editor.default\">\n\t\t\t\t\t\t\t\t\t<p data-start=\"1136\" data-end=\"1162\"><strong data-start=\"1136\" data-end=\"1162\">Privacy policy<\/strong><\/p><p data-start=\"1167\" data-end=\"1844\">La presente Pol\u00edtica de Privacidad establece los t\u00e9rminos en que <strong data-start=\"1232\" data-end=\"1241\">TMARC<\/strong> usa y protege la informaci\u00f3n que es proporcionada por sus usuarios al momento de utilizar su sitio web. Esta empresa est\u00e1 comprometida con la seguridad de los datos de sus usuarios. Cuando le solicitamos llenar los campos de informaci\u00f3n personal con los cuales usted pueda ser identificado, lo hacemos asegurando que s\u00f3lo se emplear\u00e1 de acuerdo con los t\u00e9rminos de este documento. Sin embargo, esta Pol\u00edtica de Privacidad puede cambiar con el tiempo o ser actualizada, por lo que le recomendamos y enfatizamos revisar continuamente esta p\u00e1gina para asegurarse de que est\u00e1 de acuerdo con dichos cambios.<\/p><h3 data-start=\"1849\" data-end=\"1880\">Informaci\u00f3n que es recogida<\/h3><p data-start=\"1885\" data-end=\"2185\">Nuestro sitio web podr\u00e1 recoger informaci\u00f3n personal como: nombre, informaci\u00f3n de contacto (como su direcci\u00f3n de correo electr\u00f3nico) e informaci\u00f3n demogr\u00e1fica. As\u00ed mismo, cuando sea necesario, podr\u00e1 ser requerida informaci\u00f3n espec\u00edfica para procesar alg\u00fan pedido o realizar una entrega o facturaci\u00f3n.<\/p><h3 data-start=\"2190\" data-end=\"2224\">Uso de la informaci\u00f3n recogida<\/h3><p data-start=\"2229\" data-end=\"2818\">Nuestro sitio web emplea la informaci\u00f3n con el fin de proporcionar el mejor servicio posible, particularmente para mantener un registro de usuarios, de pedidos (en caso de que aplique), y mejorar nuestros productos y servicios. Es posible que se env\u00eden correos electr\u00f3nicos peri\u00f3dicamente a trav\u00e9s de nuestro sitio con ofertas especiales, nuevos productos u otra informaci\u00f3n publicitaria que consideremos relevante para usted o que pueda brindarle alg\u00fan beneficio. Estos correos electr\u00f3nicos ser\u00e1n enviados a la direcci\u00f3n que usted proporcione y podr\u00e1n ser cancelados en cualquier momento.<\/p><p data-start=\"2823\" data-end=\"3046\"><strong data-start=\"2823\" data-end=\"2832\">TMARC<\/strong> est\u00e1 altamente comprometido con el cumplimiento de mantener su informaci\u00f3n segura. Usamos los sistemas m\u00e1s avanzados y los actualizamos constantemente para asegurarnos de que no exista ning\u00fan acceso no autorizado.<\/p><h3 data-start=\"3051\" data-end=\"3062\">Cookies<\/h3><p data-start=\"3067\" data-end=\"3420\">Una cookie es un archivo que se env\u00eda para solicitar permiso y almacenarse en su dispositivo. Al aceptar, dicho archivo se crea y permite obtener informaci\u00f3n sobre el tr\u00e1fico web, facilitando futuras visitas a sitios que ya ha consultado. Adem\u00e1s, las cookies permiten que un sitio web lo reconozca individualmente y le ofrezca un servicio personalizado.<\/p><p data-start=\"3425\" data-end=\"4298\">Nuestro sitio web utiliza cookies para identificar las p\u00e1ginas visitadas y la frecuencia de las visitas. Esta informaci\u00f3n se usa \u00fanicamente para an\u00e1lisis estad\u00edstico y luego se elimina de forma permanente. Usted puede eliminar las cookies de su dispositivo en cualquier momento. Es importante destacar que las cookies nos ayudan a mejorar la experiencia del usuario en los sitios web. No proporcionan acceso a su informaci\u00f3n personal ni a la de su dispositivo, a menos que usted lo decida y la proporcione directamente. Usted puede aceptar o rechazar el uso de cookies. La mayor\u00eda de los navegadores aceptan cookies autom\u00e1ticamente, ya que ayudan a mejorar la experiencia en l\u00ednea. Sin embargo, puede ajustar la configuraci\u00f3n de su navegador para declinar cookies. Tenga en cuenta que, al rechazarlas, es posible que algunas funciones de nuestro sitio no est\u00e9n disponibles.<\/p><h3 data-start=\"4303\" data-end=\"4325\">Enlaces a terceros<\/h3><p data-start=\"4330\" data-end=\"4842\">Este sitio web pudiera contener enlaces a otros sitios que pudieran ser de su inter\u00e9s. Una vez que usted haga clic en estos enlaces y abandone nuestra p\u00e1gina, ya no tenemos control sobre el sitio al que es redirigido y, por lo tanto, no somos responsables de los t\u00e9rminos o privacidad ni de la protecci\u00f3n de sus datos en esos otros sitios terceros. Dichos sitios est\u00e1n sujetos a sus propias pol\u00edticas de privacidad, por lo cual es recomendable que las consulte para confirmar que usted est\u00e1 de acuerdo con ellas.<\/p><h3 data-start=\"4847\" data-end=\"4885\">Control de su informaci\u00f3n personal<\/h3><p data-start=\"4890\" data-end=\"5190\">En cualquier momento, usted puede restringir la recopilaci\u00f3n o el uso de la informaci\u00f3n personal que ha proporcionado a nuestro sitio web. Cada vez que se le solicite rellenar un formulario, como el de alta de usuario, podr\u00e1 marcar o desmarcar la opci\u00f3n de recibir informaci\u00f3n por correo electr\u00f3nico.<\/p><p data-start=\"5195\" data-end=\"5474\">En caso de que haya aceptado recibir nuestro bolet\u00edn o publicidad, podr\u00e1 cancelarla en cualquier momento. <strong data-start=\"5301\" data-end=\"5310\">TMARC<\/strong> no vender\u00e1, ceder\u00e1 ni distribuir\u00e1 la informaci\u00f3n personal que es recopilada sin su consentimiento, salvo que sea requerido por un juez mediante una orden judicial.<\/p>\t\t\t\t\t\t\t\t<\/div>\n\t\t\t\t<\/div>\n\t\t\t\t\t<\/div>\n\t\t\t\t<\/div>\n\t\t\t\t<\/div>","protected":false},"excerpt":{"rendered":"<p>INICIO POLITICA Y PRIVACIDAD Pol\u00edtica de Privacidad La presente Pol\u00edtica de Privacidad establece los t\u00e9rminos en que TMARC usa y protege la informaci\u00f3n que es proporcionada por sus usuarios al momento de utilizar su sitio web. Esta empresa est\u00e1 comprometida con la seguridad de los datos de sus usuarios. Cuando le solicitamos llenar los campos [&hellip;]<\/p>","protected":false},"author":1,"featured_media":0,"parent":0,"menu_order":0,"comment_status":"closed","ping_status":"closed","template":"elementor_header_footer","meta":{"_joinchat":[],"footnotes":""},"class_list":["post-1627","page","type-page","status-publish","hentry"],"jetpack_sharing_enabled":true,"_links":{"self":[{"href":"https:\/\/tmarc.pe\/en\/wp-json\/wp\/v2\/pages\/1627","targetHints":{"allow":["GET"]}}],"collection":[{"href":"https:\/\/tmarc.pe\/en\/wp-json\/wp\/v2\/pages"}],"about":[{"href":"https:\/\/tmarc.pe\/en\/wp-json\/wp\/v2\/types\/page"}],"author":[{"embeddable":true,"href":"https:\/\/tmarc.pe\/en\/wp-json\/wp\/v2\/users\/1"}],"replies":[{"embeddable":true,"href":"https:\/\/tmarc.pe\/en\/wp-json\/wp\/v2\/comments?post=1627"}],"version-history":[{"count":7,"href":"https:\/\/tmarc.pe\/en\/wp-json\/wp\/v2\/pages\/1627\/revisions"}],"predecessor-version":[{"id":1635,"href":"https:\/\/tmarc.pe\/en\/wp-json\/wp\/v2\/pages\/1627\/revisions\/1635"}],"wp:attachment":[{"href":"https:\/\/tmarc.pe\/en\/wp-json\/wp\/v2\/media?parent=1627"}],"curies":[{"name":"wp","href":"https:\/\/api.w.org\/{rel}","templated":true}]}}