{"id":1587,"date":"2025-10-05T04:53:20","date_gmt":"2025-10-05T04:53:20","guid":{"rendered":"https:\/\/tmarc.pe\/?page_id=1587"},"modified":"2025-12-20T17:48:11","modified_gmt":"2025-12-20T17:48:11","slug":"concilacion-extrajudicial","status":"publish","type":"page","link":"https:\/\/tmarc.pe\/en\/concilacion-extrajudicial\/","title":{"rendered":"CONCILACION EXTRAJUDICIAL"},"content":{"rendered":"<div data-elementor-type=\"wp-page\" data-elementor-id=\"1587\" class=\"elementor elementor-1587\" data-elementor-post-type=\"page\">\n\t\t\t\t\t\t\t\t<div class=\"premium-shape-divider__shape-container\" id=\"premium-shape-divider-45937fed\" style=\"visibility:hidden; position: absolute; opacity:0;\">\r\n\t\t\t\t\t<svg xmlns='http:\/\/www.w3.org\/2000\/svg' aria-hidden='true' viewbox='0 0 35.28 2.17' preserveaspectratio='none'><path d='M35.28 1.67c-3.07-.55-9.27.41-16.15 0-6.87-.4-13.74-.58-19.13.1v.4h35.28z' fill='%23fbd8c2'\/><path d='M35.28 1.16c-3.17-.8-7.3.4-10.04.56-2.76.17-9.25-1.47-12.68-1.3-3.42.16-4.64.84-7.04.86C3.12 1.31 0 .4 0 .4v1.77h35.28z' opacity='.5' fill='%23fbd8c2'\/><path d='M35.28.31c-2.57.84-7.68.3-11.8.43-4.1.12-6.85.61-9.57.28C11.18.69 8.3-.16 5.3.02 2.3.22.57.85 0 .87v1.2h35.28z' opacity='.5' fill='%23fbd8c2'\/><\/svg>\t\t\t\t<\/div>\r\n\t\t\t<div class=\"elementor-element elementor-element-45937fed premium-shape-divider-yes premium-shape20 e-flex e-con-boxed premium-shape-divider__default premium-shape-divider-anime-yes e-con e-parent\" data-id=\"45937fed\" data-element_type=\"container\" data-e-type=\"container\" data-settings=\"{&quot;background_background&quot;:&quot;classic&quot;}\">\n\t\t\t\t\t<div class=\"e-con-inner\">\n\t\t\t\t<div class=\"elementor-element elementor-element-55d48074 premium-header-block premium-lq__none premium-box-lq__none elementor-widget elementor-widget-premium-addon-dual-header\" data-id=\"55d48074\" data-element_type=\"widget\" data-e-type=\"widget\" data-widget_type=\"premium-addon-dual-header.default\">\n\t\t\t\t\t\n\t\t<div class=\"elementor-widget-container\">\n\t\t\t\t\t<h1 class=\"premium-dual-header-first-header\"><span class=\"premium-dual-header-first-span\">Conciliation <\/span><span class=\"premium-dual-header-second-header\">Settlement<\/span><\/h1> \t\t\t\t<\/div>\n\n\t\t\t\t\t\t<\/div>\n\t\t\t\t<div class=\"elementor-element elementor-element-4eedb123 elementor-widget elementor-widget-heading\" data-id=\"4eedb123\" data-element_type=\"widget\" data-e-type=\"widget\" data-widget_type=\"heading.default\">\n\t\t\t\t\t<h2 class=\"elementor-heading-title elementor-size-default\">FAMILY - CONTRACTING - CIVIL <\/h2>\t\t\t\t<\/div>\n\t\t\t\t<div class=\"elementor-element elementor-element-4a61f054 elementor-widget__width-initial premium-lq__none elementor-widget elementor-widget-premium-addon-button\" data-id=\"4a61f054\" data-element_type=\"widget\" data-e-type=\"widget\" data-widget_type=\"premium-addon-button.default\">\n\t\t\t\t\t\r\n\r\n\t\t<a class=\"premium-button premium-button-none premium-btn-lg premium-button-none\" href=\"https:\/\/tmarc.pe\/en\/sistema-de-mesa-virtual\/\">\r\n\t\t\t<div class=\"premium-button-text-icon-wrapper\">\r\n\t\t\t\t\r\n\t\t\t\t\t\t\t\t\t<span >\r\n\t\t\t\t\t\tSTART APPLICATION\t\t\t\t\t<\/span>\r\n\t\t\t\t\t\t\t<\/div>\r\n\r\n\t\t\t\r\n\t\t\t\r\n\t\t\t\r\n\t\t<\/a>\r\n\r\n\r\n\t\t\t\t\t\t<\/div>\n\t\t\t\t<div class=\"elementor-element elementor-element-39f460ae elementor-widget elementor-widget-spacer\" data-id=\"39f460ae\" data-element_type=\"widget\" data-e-type=\"widget\" data-widget_type=\"spacer.default\">\n\t\t\t\t\t\t\t<div class=\"elementor-spacer\">\n\t\t\t<div class=\"elementor-spacer-inner\"><\/div>\n\t\t<\/div>\n\t\t\t\t\t\t<\/div>\n\t\t\t\t<div class=\"elementor-element elementor-element-fe89028 premium-lottie-svg elementor-widget elementor-widget-premium-lottie\" data-id=\"fe89028\" data-element_type=\"widget\" data-e-type=\"widget\" data-settings=\"{&quot;lottie_file&quot;:{&quot;url&quot;:&quot;https:\\\/\\\/tmarc.pe\\\/wp-content\\\/uploads\\\/2025\\\/11\\\/Scroll-Down-Arrow.json&quot;,&quot;id&quot;:3050,&quot;size&quot;:&quot;&quot;,&quot;alt&quot;:&quot;&quot;,&quot;source&quot;:&quot;library&quot;}}\" data-widget_type=\"premium-lottie.default\">\n\t\t\t\t\t\r\n\t\t<div class=\"premium-lottie-animation\" data-lottie-url=\"https:\/\/tmarc.pe\/wp-content\/uploads\/2025\/11\/Scroll-Down-Arrow.json\" data-lottie-loop=\"true\" data-lottie-reverse=\"\" data-lottie-hover=\"\" data-lottie-speed=\"1\" data-lottie-render=\"svg\" data-lottie-delay=\"\">\r\n\t\t\t\t\t<\/div>\r\n\r\n\t\t\t\t\t\t<\/div>\n\t\t\t\t\t<\/div>\n\t\t\t\t<\/div>\n\t\t<div class=\"elementor-element elementor-element-6b304ba6 e-flex e-con-boxed e-con e-parent\" data-id=\"6b304ba6\" data-element_type=\"container\" data-e-type=\"container\" data-settings=\"{&quot;background_background&quot;:&quot;classic&quot;}\">\n\t\t\t\t\t<div class=\"e-con-inner\">\n\t\t<div class=\"elementor-element elementor-element-2a72939f e-con-full e-flex e-con e-child\" data-id=\"2a72939f\" data-element_type=\"container\" data-e-type=\"container\">\n\t\t\t\t<div class=\"elementor-element elementor-element-1802f974 premium-header-block premium-mask-yes premium-mask-tb premium-lq__none premium-box-lq__none elementor-widget elementor-widget-premium-addon-dual-header\" data-id=\"1802f974\" data-element_type=\"widget\" data-e-type=\"widget\" data-widget_type=\"premium-addon-dual-header.default\">\n\t\t\t\t\t\n\t\t<div class=\"elementor-widget-container\">\n\t\t\t\t\t<h2 class=\"premium-dual-header-first-header\"><span class=\"premium-dual-header-first-span\">Materias Conciliables <\/span><\/h2> \t\t\t\t<\/div>\n\n\t\t\t\t\t\t<\/div>\n\t\t\t\t<div class=\"elementor-element elementor-element-82de003 elementor-absolute premium-floating-effects-yes elementor-widget elementor-widget-text-path\" data-id=\"82de003\" data-element_type=\"widget\" data-e-type=\"widget\" data-settings=\"{&quot;text&quot;:&quot;Sobre derechos disponibles&quot;,&quot;start_point&quot;:{&quot;unit&quot;:&quot;%&quot;,&quot;size&quot;:1,&quot;sizes&quot;:[]},&quot;_position&quot;:&quot;absolute&quot;,&quot;premium_fe_rotate_switcher&quot;:&quot;yes&quot;,&quot;premium_fe_Xrotate&quot;:{&quot;unit&quot;:&quot;deg&quot;,&quot;size&quot;:&quot;&quot;,&quot;sizes&quot;:{&quot;from&quot;:0,&quot;to&quot;:0}},&quot;premium_fe_Yrotate&quot;:{&quot;unit&quot;:&quot;deg&quot;,&quot;size&quot;:&quot;&quot;,&quot;sizes&quot;:{&quot;from&quot;:0,&quot;to&quot;:0}},&quot;premium_fe_Zrotate&quot;:{&quot;unit&quot;:&quot;deg&quot;,&quot;size&quot;:&quot;&quot;,&quot;sizes&quot;:{&quot;from&quot;:-10,&quot;to&quot;:10}},&quot;premium_fe_rotate_duration&quot;:{&quot;unit&quot;:&quot;px&quot;,&quot;size&quot;:2000,&quot;sizes&quot;:[]},&quot;link&quot;:{&quot;url&quot;:&quot;&quot;,&quot;is_external&quot;:&quot;&quot;,&quot;nofollow&quot;:&quot;&quot;,&quot;custom_attributes&quot;:&quot;&quot;},&quot;premium_fe_trigger&quot;:&quot;load&quot;,&quot;premium_fe_rotate_delay&quot;:{&quot;unit&quot;:&quot;px&quot;,&quot;size&quot;:&quot;&quot;,&quot;sizes&quot;:[]},&quot;premium_fe_direction&quot;:&quot;alternate&quot;,&quot;premium_fe_loop&quot;:&quot;default&quot;,&quot;premium_fe_easing&quot;:&quot;easeInOutSine&quot;}\" data-widget_type=\"text-path.default\">\n\t\t\t\t\t\t\t<div class=\"e-text-path\" data-text=\"Sobre derechos disponibles\" data-url=\"\/\/tmarc.pe\/wp-content\/plugins\/elementor\/assets\/svg-paths\/circle.svg\" data-link-url=\"\"><\/div>\n\t\t\t\t\t\t<\/div>\n\t\t\t\t<\/div>\n\t\t<div class=\"elementor-element elementor-element-3b18478e e-con-full e-flex e-con e-child\" data-id=\"3b18478e\" data-element_type=\"container\" data-e-type=\"container\" data-settings=\"{&quot;background_background&quot;:&quot;slideshow&quot;,&quot;background_slideshow_gallery&quot;:[],&quot;background_slideshow_loop&quot;:&quot;yes&quot;,&quot;background_slideshow_slide_duration&quot;:5000,&quot;background_slideshow_slide_transition&quot;:&quot;fade&quot;,&quot;background_slideshow_transition_duration&quot;:500}\">\n\t\t\t\t<div class=\"elementor-element elementor-element-30dc3e67 premium-lottie-svg elementor-widget elementor-widget-premium-lottie\" data-id=\"30dc3e67\" data-element_type=\"widget\" data-e-type=\"widget\" data-settings=\"{&quot;lottie_file&quot;:{&quot;url&quot;:&quot;https:\\\/\\\/tmarc.pe\\\/wp-content\\\/uploads\\\/2025\\\/10\\\/justice.json&quot;,&quot;id&quot;:2899,&quot;size&quot;:&quot;&quot;,&quot;alt&quot;:&quot;&quot;,&quot;source&quot;:&quot;library&quot;}}\" data-widget_type=\"premium-lottie.default\">\n\t\t\t\t\t\r\n\t\t<div class=\"premium-lottie-animation\" data-lottie-url=\"https:\/\/tmarc.pe\/wp-content\/uploads\/2025\/10\/justice.json\" data-lottie-loop=\"true\" data-lottie-reverse=\"\" data-lottie-hover=\"\" data-lottie-speed=\"1\" data-lottie-render=\"svg\" data-lottie-delay=\"\">\r\n\t\t\t\t\t<\/div>\r\n\r\n\t\t\t\t\t\t<\/div>\n\t\t\t\t<div class=\"elementor-element elementor-element-48a705cc elementor-widget elementor-widget-heading\" data-id=\"48a705cc\" data-element_type=\"widget\" data-e-type=\"widget\" data-widget_type=\"heading.default\">\n\t\t\t\t\t<h3 class=\"elementor-heading-title elementor-size-default\">FAMILY<\/h3>\t\t\t\t<\/div>\n\t\t\t\t<div class=\"elementor-element elementor-element-3a985d3 elementor-widget elementor-widget-text-editor\" data-id=\"3a985d3\" data-element_type=\"widget\" data-e-type=\"widget\" data-widget_type=\"text-editor.default\">\n\t\t\t\t\t\t\t\t\t<ul class=\"features-list\"><li><strong>Maintenance (Fixing, Increase, Decrease).<\/strong><\/li><li><strong>Visitation.<\/strong><\/li><li><strong>Exemption of Food.<\/strong><\/li><li><strong>Tenure.<\/strong><\/li><li><strong>Costs of Pregnancy.<\/strong><\/li><li><strong>Liquidation of community Property.<\/strong><\/li><li><strong>Liquidation of Goods During The Union of Fact.<\/strong><\/li><li><strong>Other Rights arising out of a Family Relationship.<\/strong><\/li><\/ul>\t\t\t\t\t\t\t\t<\/div>\n\t\t\t\t<\/div>\n\t\t<div class=\"elementor-element elementor-element-dc66ad2 e-con-full e-flex e-con e-child\" data-id=\"dc66ad2\" data-element_type=\"container\" data-e-type=\"container\">\n\t\t\t\t<div class=\"elementor-element elementor-element-71b574b4 premium-lottie-svg elementor-widget elementor-widget-premium-lottie\" data-id=\"71b574b4\" data-element_type=\"widget\" data-e-type=\"widget\" data-settings=\"{&quot;lottie_file&quot;:{&quot;url&quot;:&quot;https:\\\/\\\/tmarc.pe\\\/wp-content\\\/uploads\\\/2025\\\/10\\\/justice.json&quot;,&quot;id&quot;:2899,&quot;size&quot;:&quot;&quot;,&quot;alt&quot;:&quot;&quot;,&quot;source&quot;:&quot;library&quot;}}\" data-widget_type=\"premium-lottie.default\">\n\t\t\t\t\t\r\n\t\t<div class=\"premium-lottie-animation\" data-lottie-url=\"https:\/\/tmarc.pe\/wp-content\/uploads\/2025\/10\/justice.json\" data-lottie-loop=\"true\" data-lottie-reverse=\"\" data-lottie-hover=\"\" data-lottie-speed=\"1\" data-lottie-render=\"svg\" data-lottie-delay=\"\">\r\n\t\t\t\t\t<\/div>\r\n\r\n\t\t\t\t\t\t<\/div>\n\t\t\t\t<div class=\"elementor-element elementor-element-75aaf1de elementor-widget elementor-widget-heading\" data-id=\"75aaf1de\" data-element_type=\"widget\" data-e-type=\"widget\" data-widget_type=\"heading.default\">\n\t\t\t\t\t<h3 class=\"elementor-heading-title elementor-size-default\">CIVIL<\/h3>\t\t\t\t<\/div>\n\t\t\t\t<div class=\"elementor-element elementor-element-9436ee2 elementor-widget elementor-widget-text-editor\" data-id=\"9436ee2\" data-element_type=\"widget\" data-e-type=\"widget\" data-widget_type=\"text-editor.default\">\n\t\t\t\t\t\t\t\t\t<ul class=\"features-list\"><li><strong>Eviction.<\/strong><\/li><li><strong><i class=\"bx bx-check\"><\/i>Compensation of any kind.<\/strong><\/li><li><strong><i class=\"bx bx-check\"><\/i>Breach of contracts.<\/strong><\/li><li><strong><i class=\"bx bx-check\"><\/i>Obligation to give a sum of money.<\/strong><\/li><li><strong><i class=\"bx bx-check\"><\/i>The obligation to give, to do and not to do.<\/strong><\/li><li><strong><i class=\"bx bx-check\"><\/i>Division and the sharing of goods.<\/strong><\/li><li><strong><i class=\"bx bx-check\"><\/i>Granting of the public deed.<\/strong><\/li><li><strong><i class=\"bx bx-check\"><\/i>Others that are freely available to the parties.<\/strong><\/li><\/ul>\t\t\t\t\t\t\t\t<\/div>\n\t\t\t\t<\/div>\n\t\t<div class=\"elementor-element elementor-element-1068bb52 e-con-full e-flex e-con e-child\" data-id=\"1068bb52\" data-element_type=\"container\" data-e-type=\"container\">\n\t\t\t\t<div class=\"elementor-element elementor-element-acd1e3e premium-lottie-svg elementor-widget elementor-widget-premium-lottie\" data-id=\"acd1e3e\" data-element_type=\"widget\" data-e-type=\"widget\" data-settings=\"{&quot;lottie_file&quot;:{&quot;url&quot;:&quot;https:\\\/\\\/tmarc.pe\\\/wp-content\\\/uploads\\\/2025\\\/10\\\/justice.json&quot;,&quot;id&quot;:2899,&quot;size&quot;:&quot;&quot;,&quot;alt&quot;:&quot;&quot;,&quot;source&quot;:&quot;library&quot;}}\" data-widget_type=\"premium-lottie.default\">\n\t\t\t\t\t\r\n\t\t<div class=\"premium-lottie-animation\" data-lottie-url=\"https:\/\/tmarc.pe\/wp-content\/uploads\/2025\/10\/justice.json\" data-lottie-loop=\"true\" data-lottie-reverse=\"\" data-lottie-hover=\"\" data-lottie-speed=\"1\" data-lottie-render=\"svg\" data-lottie-delay=\"\">\r\n\t\t\t\t\t<\/div>\r\n\r\n\t\t\t\t\t\t<\/div>\n\t\t\t\t<div class=\"elementor-element elementor-element-5eedfba7 elementor-widget elementor-widget-heading\" data-id=\"5eedfba7\" data-element_type=\"widget\" data-e-type=\"widget\" data-widget_type=\"heading.default\">\n\t\t\t\t\t<h3 class=\"elementor-heading-title elementor-size-default\">CONTRACTING WITH THE STATE<\/h3>\t\t\t\t<\/div>\n\t\t\t\t<div class=\"elementor-element elementor-element-feb5c9a elementor-widget elementor-widget-text-editor\" data-id=\"feb5c9a\" data-element_type=\"widget\" data-e-type=\"widget\" data-widget_type=\"text-editor.default\">\n\t\t\t\t\t\t\t\t\t<ul><li>Resolution of Contract.<\/li><li>Extension of Contract Term.<\/li><li>Reception and Conformity.<\/li><li>Appreciations or Meters.<\/li><li>Liquidation of Contract.<\/li><li>Obligations After the Payment.<\/li><li>Payments.<\/li><li>Compensation for Damages.<\/li><li>Hidden Defects.<\/li><\/ul>\t\t\t\t\t\t\t\t<\/div>\n\t\t\t\t<\/div>\n\t\t\t\t\t<\/div>\n\t\t\t\t<\/div>\n\t\t<div class=\"elementor-element elementor-element-0bcf859 e-flex e-con-boxed e-con e-parent\" data-id=\"0bcf859\" data-element_type=\"container\" data-e-type=\"container\" data-settings=\"{&quot;background_background&quot;:&quot;classic&quot;,&quot;background_motion_fx_motion_fx_scrolling&quot;:&quot;yes&quot;,&quot;background_motion_fx_motion_fx_mouse&quot;:&quot;yes&quot;,&quot;background_motion_fx_devices&quot;:[&quot;desktop&quot;,&quot;laptop&quot;,&quot;tablet&quot;,&quot;mobile&quot;]}\">\n\t\t\t\t\t<div class=\"e-con-inner\">\n\t\t<div class=\"elementor-element elementor-element-49970bf e-con-full e-flex e-con e-child\" data-id=\"49970bf\" data-element_type=\"container\" data-e-type=\"container\">\n\t\t\t\t<div class=\"elementor-element elementor-element-3b76d2f premium-header-block premium-mask-yes premium-mask-tb premium-lq__none premium-box-lq__none elementor-widget elementor-widget-premium-addon-dual-header\" data-id=\"3b76d2f\" data-element_type=\"widget\" data-e-type=\"widget\" data-widget_type=\"premium-addon-dual-header.default\">\n\t\t\t\t\t\n\t\t<div class=\"elementor-widget-container\">\n\t\t\t\t\t<h2 class=\"premium-dual-header-first-header\"><span class=\"premium-dual-header-first-span\">Documentos <\/span><\/h2> \t\t\t\t<\/div>\n\n\t\t\t\t\t\t<\/div>\n\t\t\t\t<\/div>\n\t\t<div class=\"elementor-element elementor-element-79eb455 e-con-full e-flex e-con e-child\" data-id=\"79eb455\" data-element_type=\"container\" data-e-type=\"container\" data-settings=\"{&quot;background_background&quot;:&quot;slideshow&quot;,&quot;background_slideshow_gallery&quot;:[],&quot;background_slideshow_loop&quot;:&quot;yes&quot;,&quot;background_slideshow_slide_duration&quot;:5000,&quot;background_slideshow_slide_transition&quot;:&quot;fade&quot;,&quot;background_slideshow_transition_duration&quot;:500}\">\n\t\t\t\t\t\t\t\n\t\t<img class=\"e-image-base\" \n\t\t\t\t\tdata-interaction-id=\"751fade\" \n\t\t\tdata-interactions=\"&#x5B;&#x5D;\"\n\t\t \n\t\t \n\t\t\t\t\t\t\t\t\tid=\"2911\"\n\t\t\t\t\t\t\t\t\t\t\t\tsrc=\"https:\/\/tmarc.pe\/wp-content\/uploads\/2025\/10\/file-3.png\"\n\t\t\t\t\t\t\t\t\t\t\t\twidth=\"243\"\n\t\t\t\t\t\t\t\t\t\t\t\theight=\"292\"\n\t\t\t\t\t\t\t\t\t\t\t\tsrcset=\"\"\n\t\t\t\t\t\t\t\t\t\t\t\talt=\"\"\n\t\t\t\t\t\t\/>\n\t\t\t\t\t<div class=\"elementor-element elementor-element-df332bc elementor-widget__width-initial elementor-widget elementor-widget-heading\" data-id=\"df332bc\" data-element_type=\"widget\" data-e-type=\"widget\" data-settings=\"{&quot;motion_fx_motion_fx_scrolling&quot;:&quot;yes&quot;,&quot;motion_fx_devices&quot;:[&quot;desktop&quot;,&quot;laptop&quot;,&quot;tablet&quot;,&quot;mobile&quot;]}\" data-widget_type=\"heading.default\">\n\t\t\t\t\t<h3 class=\"elementor-heading-title elementor-size-default\">RULES <\/h3>\t\t\t\t<\/div>\n\t\t\t\t\t    \t            <a\n            \t\t\thref=\"https:\/\/tmarc.pe\/wp-content\/uploads\/2025\/12\/Compendio-Normativo-del-Gobierno-del-Peru-sobre-Conciliacion-Extrajudicial-y-Arbitraje-Popular-2022.pdf\"\n        target=\"_self\"\n            class=\"e-3b58636-1734a07 e-button-base\"\n            data-interaction-id=\"3b58636\"\n            data-interactions=\"&#x5B;&#x5D;\"\n             \n        >\n            Click here\n        <\/a>\n    \t\t\t\t<\/div>\n\t\t<div class=\"elementor-element elementor-element-0ee6bc5 e-con-full e-flex e-con e-child\" data-id=\"0ee6bc5\" data-element_type=\"container\" data-e-type=\"container\">\n\t\t\t\t<div class=\"elementor-element elementor-element-6b99437 elementor-widget elementor-widget-image\" data-id=\"6b99437\" data-element_type=\"widget\" data-e-type=\"widget\" data-widget_type=\"image.default\">\n\t\t\t\t\t\t\t\t\t\t\t\t\t\t\t<img fetchpriority=\"high\" decoding=\"async\" width=\"260\" height=\"271\" src=\"https:\/\/tmarc.pe\/wp-content\/uploads\/2025\/10\/file-1.png\" class=\"attachment-large size-large wp-image-2910\" alt=\"\" \/>\t\t\t\t\t\t\t\t\t\t\t\t\t\t\t<\/div>\n\t\t\t\t<div class=\"elementor-element elementor-element-8f5b77a elementor-widget elementor-widget-heading\" data-id=\"8f5b77a\" data-element_type=\"widget\" data-e-type=\"widget\" data-widget_type=\"heading.default\">\n\t\t\t\t\t<h3 class=\"elementor-heading-title elementor-size-default\">FORMAT OF APPLICATION<\/h3>\t\t\t\t<\/div>\n\t\t\t\t\t    \t            <a\n            \t\t\thref=\"https:\/\/tmarc.pe\/wp-content\/uploads\/2025\/12\/Modelo-de-Solicitud-para-Conciliar-Tmarc.docx\"\n        target=\"_blank\"\n            class=\"e-209f41c-76450d4 e-209f41c-76450d4 e-209f41c-76450d4 e-button-base\"\n            data-interaction-id=\"209f41c\"\n            data-interactions=\"&#x5B;&#x5D;\"\n             \n        >\n            Click here\n        <\/a>\n    \t\t\t\t<\/div>\n\t\t<div class=\"elementor-element elementor-element-1f3cf51 e-con-full e-flex e-con e-child\" data-id=\"1f3cf51\" data-element_type=\"container\" data-e-type=\"container\">\n\t\t\t\t<div class=\"elementor-element elementor-element-2a2aec2 elementor-widget elementor-widget-image\" data-id=\"2a2aec2\" data-element_type=\"widget\" data-e-type=\"widget\" data-widget_type=\"image.default\">\n\t\t\t\t\t\t\t\t\t\t\t\t\t\t\t<img decoding=\"async\" width=\"248\" height=\"302\" src=\"https:\/\/tmarc.pe\/wp-content\/uploads\/2025\/10\/file-2.png\" class=\"attachment-large size-large wp-image-2912\" alt=\"\" srcset=\"https:\/\/tmarc.pe\/wp-content\/uploads\/2025\/10\/file-2.png 248w, https:\/\/tmarc.pe\/wp-content\/uploads\/2025\/10\/file-2-246x300.png 246w\" sizes=\"(max-width: 248px) 100vw, 248px\" \/>\t\t\t\t\t\t\t\t\t\t\t\t\t\t\t<\/div>\n\t\t\t\t<div class=\"elementor-element elementor-element-00b1b23 elementor-widget elementor-widget-heading\" data-id=\"00b1b23\" data-element_type=\"widget\" data-e-type=\"widget\" data-widget_type=\"heading.default\">\n\t\t\t\t\t<h3 class=\"elementor-heading-title elementor-size-default\">APPLICATION FEE<\/h3>\t\t\t\t<\/div>\n\t\t\t\t\t    \t            <button class=\"e-418b738-211d46d e-button-base\" data-interaction-id=\"418b738\" data-interactions=\"&#x5B;&#x5D;\"  >\n            Click here\n        <\/button>\n    \t\t\t\t<\/div>\n\t\t\t\t\t<\/div>\n\t\t\t\t<\/div>\n\t\t\t\t<\/div>","protected":false},"excerpt":{"rendered":"<p>Conciliaci\u00f3n Extrajudicial FAMILIA &#8211; CONTRATACIONES &#8211; CIVIL INICIAR SOLICITUD Materias Conciliables FAMILIA Pensi\u00f3n de Alimentos (Fijaci\u00f3n, Aumento, Disminuci\u00f3n). R\u00e9gimen de Visitas. Exoneraci\u00f3n de Alimentos. Tenencia. Gastos de Embarazo. Liquidaci\u00f3n de Sociedad de Gananciales. Liquidaci\u00f3n de Sociedad de Bienes Durante La Uni\u00f3n de Hecho. Otros Derechos que deriven de una Relaci\u00f3n Familiar. CIVIL Desalojo. Indemnizaciones de [&hellip;]<\/p>","protected":false},"author":1,"featured_media":0,"parent":0,"menu_order":0,"comment_status":"closed","ping_status":"closed","template":"elementor_header_footer","meta":{"_joinchat":[],"footnotes":""},"class_list":["post-1587","page","type-page","status-publish","hentry"],"jetpack_sharing_enabled":true,"_links":{"self":[{"href":"https:\/\/tmarc.pe\/en\/wp-json\/wp\/v2\/pages\/1587","targetHints":{"allow":["GET"]}}],"collection":[{"href":"https:\/\/tmarc.pe\/en\/wp-json\/wp\/v2\/pages"}],"about":[{"href":"https:\/\/tmarc.pe\/en\/wp-json\/wp\/v2\/types\/page"}],"author":[{"embeddable":true,"href":"https:\/\/tmarc.pe\/en\/wp-json\/wp\/v2\/users\/1"}],"replies":[{"embeddable":true,"href":"https:\/\/tmarc.pe\/en\/wp-json\/wp\/v2\/comments?post=1587"}],"version-history":[{"count":31,"href":"https:\/\/tmarc.pe\/en\/wp-json\/wp\/v2\/pages\/1587\/revisions"}],"predecessor-version":[{"id":3503,"href":"https:\/\/tmarc.pe\/en\/wp-json\/wp\/v2\/pages\/1587\/revisions\/3503"}],"wp:attachment":[{"href":"https:\/\/tmarc.pe\/en\/wp-json\/wp\/v2\/media?parent=1587"}],"curies":[{"name":"wp","href":"https:\/\/api.w.org\/{rel}","templated":true}]}}